{"id":1736,"date":"2021-02-25T10:40:58","date_gmt":"2021-02-25T09:40:58","guid":{"rendered":"https:\/\/agora-humanite.org\/?page_id=1736"},"modified":"2021-03-13T11:29:49","modified_gmt":"2021-03-13T10:29:49","slug":"les-statuts","status":"publish","type":"page","link":"https:\/\/agora-humanite.org\/de\/les-statuts\/","title":{"rendered":"Die Satzung"},"content":{"rendered":"<p class=\"qtranxs-available-languages-message qtranxs-available-languages-message-de\">Leider ist der Eintrag nur auf <a href=\"https:\/\/agora-humanite.org\/fr\/wp-json\/wp\/v2\/pages\/1736\" class=\"qtranxs-available-language-link qtranxs-available-language-link-fr\" title=\"FR\">FR<\/a>, <a href=\"https:\/\/agora-humanite.org\/en\/wp-json\/wp\/v2\/pages\/1736\" class=\"qtranxs-available-language-link qtranxs-available-language-link-en\" title=\"EN\">EN<\/a>, <a href=\"https:\/\/agora-humanite.org\/es\/wp-json\/wp\/v2\/pages\/1736\" class=\"qtranxs-available-language-link qtranxs-available-language-link-es\" title=\"ES\">ES<\/a> und <a href=\"https:\/\/agora-humanite.org\/it\/wp-json\/wp\/v2\/pages\/1736\" class=\"qtranxs-available-language-link qtranxs-available-language-link-it\" title=\"IT\">IT<\/a> verf\u00fcgbar.<\/p><p><\/p>\n<p>L\u2019Agora des Habitants de la Terre a pour but de<\/p>\n<ul>\n<li>promouvoir les processus de sensibilisation et de mobilisation citoyennes en faveur de la reconnaissance de l&#8217;humanit\u00e9 en tant que sujet politique et juridique cl\u00e9 de la r\u00e9gulation mondiale<\/li>\n<li>contribuer \u00e0 la cr\u00e9ation d\u2019une humanit\u00e9 capable de sauvegarder, prendre soin et garantir le droit \u00e0 la vie de tous les habitants de la Terre (toutes esp\u00e8ces vivantes incluses) et des g\u00e9n\u00e9rations futures.<\/li>\n<\/ul>\n<p>Elle se veut une association oeuvrant pour la justice sociale, la d\u00e9fense des droits humains, la d\u00e9mocratie participative, un autre d\u00e9veloppement durable, la citoyennet\u00e9 mondiale.<\/p>\n<p><a href=\"https:\/\/agora-humanite.org\/wp-content\/uploads\/2021\/03\/21-0125-Statuts-asbl-AGORA-HABITANTS-TERRE-publies.pdf\">Statuts de l&#8217;asbl AGORA HABITANTS TERRE<\/a><\/p>\n<p><\/p>\n<p><\/p>\n<p><\/p>","protected":false},"excerpt":{"rendered":"<p>Leider ist der Eintrag nur auf FR, EN, ES und IT verf\u00fcgbar. L\u2019Agora des Habitants de la Terre a pour but de promouvoir les processus de sensibilisation et de mobilisation citoyennes en faveur de la reconnaissance de l&#8217;humanit\u00e9 en tant que sujet politique et juridique cl\u00e9 de la r\u00e9gulation mondiale contribuer \u00e0 la cr\u00e9ation d\u2019une [&hellip;]<\/p>\n","protected":false},"author":1,"featured_media":0,"parent":0,"menu_order":0,"comment_status":"closed","ping_status":"closed","template":"","meta":{"footnotes":""},"class_list":["post-1736","page","type-page","status-publish","hentry"],"_links":{"self":[{"href":"https:\/\/agora-humanite.org\/de\/wp-json\/wp\/v2\/pages\/1736"}],"collection":[{"href":"https:\/\/agora-humanite.org\/de\/wp-json\/wp\/v2\/pages"}],"about":[{"href":"https:\/\/agora-humanite.org\/de\/wp-json\/wp\/v2\/types\/page"}],"author":[{"embeddable":true,"href":"https:\/\/agora-humanite.org\/de\/wp-json\/wp\/v2\/users\/1"}],"replies":[{"embeddable":true,"href":"https:\/\/agora-humanite.org\/de\/wp-json\/wp\/v2\/comments?post=1736"}],"version-history":[{"count":16,"href":"https:\/\/agora-humanite.org\/de\/wp-json\/wp\/v2\/pages\/1736\/revisions"}],"predecessor-version":[{"id":2282,"href":"https:\/\/agora-humanite.org\/de\/wp-json\/wp\/v2\/pages\/1736\/revisions\/2282"}],"wp:attachment":[{"href":"https:\/\/agora-humanite.org\/de\/wp-json\/wp\/v2\/media?parent=1736"}],"curies":[{"name":"wp","href":"https:\/\/api.w.org\/{rel}","templated":true}]}}