{"id":1757,"date":"2021-02-25T11:01:52","date_gmt":"2021-02-25T10:01:52","guid":{"rendered":"https:\/\/agora-humanite.org\/?page_id=1757"},"modified":"2021-03-15T22:41:14","modified_gmt":"2021-03-15T21:41:14","slug":"votre-carte","status":"publish","type":"page","link":"https:\/\/agora-humanite.org\/de\/votre-carte\/","title":{"rendered":"Ihre Karte"},"content":{"rendered":"<p class=\"qtranxs-available-languages-message qtranxs-available-languages-message-de\">Leider ist der Eintrag nur auf <a href=\"https:\/\/agora-humanite.org\/fr\/wp-json\/wp\/v2\/pages\/1757\" class=\"qtranxs-available-language-link qtranxs-available-language-link-fr\" title=\"FR\">FR<\/a>, <a href=\"https:\/\/agora-humanite.org\/en\/wp-json\/wp\/v2\/pages\/1757\" class=\"qtranxs-available-language-link qtranxs-available-language-link-en\" title=\"EN\">EN<\/a>, <a href=\"https:\/\/agora-humanite.org\/es\/wp-json\/wp\/v2\/pages\/1757\" class=\"qtranxs-available-language-link qtranxs-available-language-link-es\" title=\"ES\">ES<\/a>, <a href=\"https:\/\/agora-humanite.org\/it\/wp-json\/wp\/v2\/pages\/1757\" class=\"qtranxs-available-language-link qtranxs-available-language-link-it\" title=\"IT\">IT<\/a> und <a href=\"https:\/\/agora-humanite.org\/pt\/wp-json\/wp\/v2\/pages\/1757\" class=\"qtranxs-available-language-link qtranxs-available-language-link-pt\" title=\"PT\">PT<\/a> verf\u00fcgbar.<\/p><p><img fetchpriority=\"high\" decoding=\"async\" class=\"\" src=\"https:\/\/agora-humanite.org\/wp-content\/uploads\/2021\/03\/ahtcim002fcoupe.jpg\" sizes=\"(max-width: 528px) 100vw, 528px\" srcset=\"https:\/\/agora-humanite.org\/wp-content\/uploads\/2021\/03\/ahtcim002fcoupe-rotated.jpg 528w, https:\/\/agora-humanite.org\/wp-content\/uploads\/2021\/03\/ahtcim002fcoupe-300x203.jpg 300w\" alt=\"\" width=\"280\" height=\"189\" \/><img decoding=\"async\" class=\"\" src=\"https:\/\/agora-humanite.org\/wp-content\/uploads\/2021\/03\/ahtcim002fcoupe2.jpg\" sizes=\"(max-width: 533px) 100vw, 533px\" srcset=\"https:\/\/agora-humanite.org\/wp-content\/uploads\/2021\/03\/ahtcim002fcoupe2.jpg 533w, https:\/\/agora-humanite.org\/wp-content\/uploads\/2021\/03\/ahtcim002fcoupe2-300x199.jpg 300w\" alt=\"\" width=\"281\" height=\"186\" \/><\/p>\n<h2><b>Une valeur essentiellement symbolique<\/b><\/h2>\n<p>La Carte d\u2019Identit\u00e9 Mondiale \u00ab\u00a0Habitant de la Terre\u00a0\u00bb a une <b>valeur symbolique<\/b>, humaine, sociale, politique.\u00a0Mais elle n\u2019a <b>aucune valeur juridique<\/b> et ne conf\u00e8re aucun nouveau droit.<\/p>\n<p>Les droits humains font d\u00e9j\u00e0 l\u2019objet d\u2019une reconnaissance\u00a0: la D\u00e9claration Universelle des Droits de l\u2019Homme a \u00e9t\u00e9 approuv\u00e9e par l\u2019ONU d\u00e8s 1948.<\/p>\n<p>La Carte d\u2019Identit\u00e9 Mondiale \u00ab\u00a0Habitant de la Terre\u00a0\u00bb ne s\u2019ajoute pas \u00e0 la carte d\u2019identit\u00e9 officielle et ne repr\u00e9sente pas une forme nouvelle ou alternative au passeport.<\/p>\n<p>Elle est un <b>acte libre de soutien en faveur de la d\u00e9claration de personnes qui la demandent, de vouloir \u00eatre des \u00ab constructeurs de l\u2019Humanit\u00e9 \u00bb<\/b>.<\/p>\n<p>La r\u00e9flexion est en cours sur le moyen de permettre aux personnes d\u2019obtenir la Carte: elle sera d&#8217;abord d\u00e9livr\u00e9e par l&#8217;Agora des Habitants de la Terre, ensuite les communes seront invit\u00e9es \u00e0 le faire. Dans le cas o\u00f9 la collectivit\u00e9 locale du lieu de r\u00e9sidence de la personne demandeuse n\u2019adh\u00e9rerait pas \u00e0 l\u2019initiative, une autre commune ou l&#8217;Agora pourraient le faire. D&#8217;autres organisations non gouvernementales seront invit\u00e9es \u00e0 participer \u00e0 la d\u00e9livrance de la Carte.&#8221;<\/p>\n<h2><b>Caract\u00e9ristiques principales<\/b><\/h2>\n<p>La Carte suivra un <b>mod\u00e8le commun dans le monde entier<\/b>.<\/p>\n<p>Elle aura les <b>dimensions d\u2019une carte magn\u00e9tique, sera imprim\u00e9e sur papier et <\/b><b>l\u00e9g\u00e8rement plastifi\u00e9e<\/b>.<\/p>\n<p>Au <b>recto<\/b> de la Carte\u00a0:<\/p>\n<ul>\n<li><b>Pr\u00e9nom<\/b>, <b>Nom<\/b>, <b>Date de naissance<\/b>.<\/li>\n<li>Aucun lieu de r\u00e9sidence ne sera mentionn\u00e9, la r\u00e9sidence \u00e9tant la Terre.<\/li>\n<li>La r\u00e9flexion est encore en cours quant \u00e0 l\u2019attribution \u00e9ventuelle d\u2019un num\u00e9ro de carte, sur base d\u2019une nomenclature \u00e0 organiser au niveau mondial.<\/li>\n<\/ul>\n<p>Au <b>verso<\/b> de la Carte\u00a0:<\/p>\n<ul>\n<li>Le <b>blason<\/b>,<\/li>\n<li aria-level=\"1\">Le <b>nom de la Commune<\/b><\/li>\n<li aria-level=\"1\">Le <b>cachet de la Commune<\/b> et la <b>signature<\/b> de son repr\u00e9sentant.<\/li>\n<\/ul>\n<p>Y est \u00e9galement reprise une phrase identique d\u2019engagement des demandeurs : <em><strong>\u00ab\u00a0<\/strong>Habitant de la Terre,\u00a0je m\u2019engage \u00e0 contribuer\u00a0\u00e0 la construction de l\u2019Humanit\u00e9,\u00a0capable de sauvegarder\u00a0la vie de la Terre\u00a0pour tous ses habitants,\u00a0au service des g\u00e9n\u00e9rations futures \u00bb<\/em><\/p>\n<h3><span style=\"color: #f39638;\"><a style=\"color: #f39638;\" role=\"button\" href=\"http:\/\/www.pilmeyer.com\/cim\/\"><br \/>\nT\u00e9l\u00e9charger la Carte d&#8217;Identit\u00e9 Mondiale<\/a><\/span><br \/>\n<a role=\"button\" href=\"http:\/\/www.pilmeyer.com\/cim\/cimfr3.pdf\"><br \/>\n<span style=\"color: #f39638;\">Acc\u00e9der au dossier complet de la CIM<\/span><\/a><\/h3>\n<p><\/p>","protected":false},"excerpt":{"rendered":"<p>Leider ist der Eintrag nur auf FR, EN, ES, IT und PT verf\u00fcgbar. Une valeur essentiellement symbolique La Carte d\u2019Identit\u00e9 Mondiale \u00ab\u00a0Habitant de la Terre\u00a0\u00bb a une valeur symbolique, humaine, sociale, politique.\u00a0Mais elle n\u2019a aucune valeur juridique et ne conf\u00e8re aucun nouveau droit. Les droits humains font d\u00e9j\u00e0 l\u2019objet d\u2019une reconnaissance\u00a0: la D\u00e9claration Universelle des [&hellip;]<\/p>\n","protected":false},"author":1,"featured_media":0,"parent":0,"menu_order":0,"comment_status":"closed","ping_status":"closed","template":"","meta":{"footnotes":""},"class_list":["post-1757","page","type-page","status-publish","hentry"],"_links":{"self":[{"href":"https:\/\/agora-humanite.org\/de\/wp-json\/wp\/v2\/pages\/1757"}],"collection":[{"href":"https:\/\/agora-humanite.org\/de\/wp-json\/wp\/v2\/pages"}],"about":[{"href":"https:\/\/agora-humanite.org\/de\/wp-json\/wp\/v2\/types\/page"}],"author":[{"embeddable":true,"href":"https:\/\/agora-humanite.org\/de\/wp-json\/wp\/v2\/users\/1"}],"replies":[{"embeddable":true,"href":"https:\/\/agora-humanite.org\/de\/wp-json\/wp\/v2\/comments?post=1757"}],"version-history":[{"count":19,"href":"https:\/\/agora-humanite.org\/de\/wp-json\/wp\/v2\/pages\/1757\/revisions"}],"predecessor-version":[{"id":2305,"href":"https:\/\/agora-humanite.org\/de\/wp-json\/wp\/v2\/pages\/1757\/revisions\/2305"}],"wp:attachment":[{"href":"https:\/\/agora-humanite.org\/de\/wp-json\/wp\/v2\/media?parent=1757"}],"curies":[{"name":"wp","href":"https:\/\/api.w.org\/{rel}","templated":true}]}}