{"id":367,"date":"2021-01-26T11:26:37","date_gmt":"2021-01-26T10:26:37","guid":{"rendered":"https:\/\/agora-humanite.org\/?p=367"},"modified":"2021-04-12T09:48:09","modified_gmt":"2021-04-12T07:48:09","slug":"5-principes","status":"publish","type":"page","link":"https:\/\/agora-humanite.org\/de\/5-principes\/","title":{"rendered":"5 Grunds\u00e4tze"},"content":{"rendered":"<p class=\"qtranxs-available-languages-message qtranxs-available-languages-message-de\">Leider ist der Eintrag nur auf <a href=\"https:\/\/agora-humanite.org\/fr\/wp-json\/wp\/v2\/pages\/367\" class=\"qtranxs-available-language-link qtranxs-available-language-link-fr\" title=\"FR\">FR<\/a> und <a href=\"https:\/\/agora-humanite.org\/en\/wp-json\/wp\/v2\/pages\/367\" class=\"qtranxs-available-language-link qtranxs-available-language-link-en\" title=\"EN\">EN<\/a> verf\u00fcgbar.<\/p><p><\/p>\n<div id=\"pl-367\" class=\"panel-layout\">\n<div id=\"pg-367-1\" class=\"panel-grid panel-no-style\" data-style=\"{&quot;background_image_attachment&quot;:false,&quot;background_display&quot;:&quot;tile&quot;,&quot;cell_alignment&quot;:&quot;flex-start&quot;}\" data-ratio=\"0.33333333\" data-ratio-direction=\"left\">\n<div id=\"pgc-367-1-0\" class=\"panel-grid-cell\" data-weight=\"1\">\n<div id=\"panel-367-1-0-0\" class=\"so-panel widget widget_sow-editor panel-first-child\" data-index=\"2\" data-style=\"{&quot;background_image_attachment&quot;:false,&quot;background_display&quot;:&quot;tile&quot;}\">\n<div class=\"so-widget-sow-editor so-widget-sow-editor-base\">\n<div class=\"siteorigin-widget-tinymce textwidget\">\n<h2><span style=\"color: #ff9900;\"><strong>L\u2019Agora des Habitants de la Terre<\/strong> (AHT) promeut <strong>5 principes :<\/strong><\/span><\/h2>\n<\/div>\n<\/div>\n<\/div>\n<div id=\"panel-367-1-0-1\" class=\"so-panel widget widget_sow-editor panel-last-child\" data-index=\"3\" data-style=\"{&quot;background_image_attachment&quot;:false,&quot;background_display&quot;:&quot;tile&quot;}\">\n<div class=\"so-widget-sow-editor so-widget-sow-editor-base\">\n<div class=\"siteorigin-widget-tinymce textwidget\">\n<ol>\n<li><em>Pour le devenir des Habitants de la Terre, une humanit\u00e9 responsable doit apprendre le\u00a0<strong>vivre ensemble<\/strong>\u00a0en adh\u00e9rant aux id\u00e9aux f\u00e9ministes, \u00e9cologiques, solidaires, d\u00e9mocratiques et pacifiques (oppos\u00e9s \u00e0 toute guerre, en particulier, nucl\u00e9aire).<\/em><\/li>\n<li><em>En vue de la\u00a0<strong>s\u00e9curit\u00e9 collective<\/strong>\u00a0et de la\u00a0<strong>stabilisation climatique<\/strong>, le pouvoir ne peut qu\u2019\u00eatre r\u00e9parti entre tous les Habitants de la Terre, l\u2019ONU ne voter qu\u2019en Assembl\u00e9e g\u00e9n\u00e9rale des 193 pays et le Conseil de S\u00e9curit\u00e9 aboli dans sa forme actuelle.<\/em><\/li>\n<li><em>L\u2019humanit\u00e9 doit se doter d\u2019un\u00a0<strong>Conseil mondial de s\u00e9curit\u00e9 par la d\u00e9fense des biens communs publics,\u00a0<\/strong>qui puisse s\u2019adresser \u00e0 l\u2019ONU, avec l\u2019oreille de tous les pays.<\/em><\/li>\n<li><strong><em>Les biens et services essentiels<\/em><\/strong><em>\u00a0(air, eau, sant\u00e9, biodiversit\u00e9 des semences, sant\u00e9 et connaissances) seraient gratuits, partag\u00e9s et non marchandis\u00e9s, la finance sp\u00e9culative et l\u2019usage des paradis fiscaux mis hors-la-loi, afin d\u2019emp\u00eacher la domination des 0,1 % les plus riches sur l\u2019enti\u00e8ret\u00e9 de l\u2019humanit\u00e9, victime d\u2019appauvrissement\/exclusion\/mis\u00e8re.<\/em><\/li>\n<li><strong><em>Les citoyens sont regroup\u00e9s localement<\/em><\/strong><em>\u00a0(agir local, penser global), mobilis\u00e9s par des\u00a0<strong>actions cibl\u00e9es en d\u00e9fense du bien commun<\/strong>. En 2020, l\u2019action prioritaire commune a \u00e9t\u00e9 de r\u00e9clamer avec la science et l\u2019OMS la gratuit\u00e9 des vaccins, libres de brevet.<\/em><\/li>\n<\/ol>\n<p><strong>Imp\u00e9ratifs et principes de base g\u00e9n\u00e9raux<\/strong><br \/>\nL\u2019imp\u00e9ratif plan\u00e9taire. Il revient \u00e0 l\u2019humanit\u00e9 d\u2019\u00eatre responsable :<br \/>\n\u2013 de la vie de tous les \u00eatres humains et peuples de la Terre en donnant la priorit\u00e9 aux 3 milliards et plus de personnes exclues et appauvries ;<br \/>\n\u2013 de la vie des autres esp\u00e8ces vivantes.<br \/>\nIl ne suffit pas d\u2019approuver les chartes des droits\/devoirs, l\u2019humanit\u00e9 a aussi l\u2019obligation de cr\u00e9er les institutions ayant les moyens pour faire respecter des r\u00e8gles communes.<\/p>\n<p><strong>Principes\/r\u00e8gles de base<\/strong><\/p>\n<p><strong>Le principe de la citoyennet\u00e9 universelle plurielle\u00a0:<\/strong><br \/>\nL\u2019objectif de la cr\u00e9ation de richesse dans le monde ne peut pas rester celui de l\u2019enrichissement des plus forts, mais de garantir \u00e0 toutes les femmes et \u00e0 tous les hommes de l\u2019humanit\u00e9 la s\u00e9curit\u00e9 g\u00e9n\u00e9rale d\u2019existence. Ce sera difficile, mais la r\u00e9alisation se fera t\u00f4t ou tard. L\u2019important qu\u2019il reste parmi les principes inspirateurs des chemins de l\u2019humanit\u00e9.<\/p>\n<p><strong>Le principe de la sagesse et des limites\u00a0:<br \/>\n<\/strong>L\u2019histoire montre que ce n\u2019est pas correct de penser que tout ce qui est techniquement possible doit \u00eatre fait. Il y a des limites existentielles \u00e0 ne pas d\u00e9passer. Dans l\u2019incertitude ou en pr\u00e9sence de donn\u00e9es peu fables ou de conflits graves, la pr\u00e9caution doit pr\u00e9valoir sur l\u2019assomption du risque certifi\u00e9. La violence n\u2019apporte aucune solution aux probl\u00e8mes, la non-violence est source de vie pour tous.<\/p>\n<p><strong>Le principe de la res publica mondiale\u00a0:<br \/>\n<\/strong>C\u2019est-\u00e0-dire la construction des chemins qui permettront \u00e0 l\u2019humanit\u00e9 d\u2019\u00e9liminer les formes de violence et de domination d\u2019un pays sur l\u2019autre, d\u2019un peuple sur d\u2019autres peuples, d\u2019un groupe social sur les restants groupes des soci\u00e9t\u00e9s humaines.<br \/>\nUn principe dont l\u2019application permettra \u00e0 la communaut\u00e9 humaine mondiale de favoriser des ing\u00e9nieries politiques institutionnelles de plus en plus participatives et de cultiver la promotion et la sauvegarde des Biens communs publics mondiaux, dans le cadre d\u2019une responsabilit\u00e9 individuelle et collective, partag\u00e9e, de la part des citoyens.<\/p>\n<\/div>\n<\/div>\n<\/div>\n<\/div>\n<\/div>\n<\/div>\n<p><\/p>\n<p><\/p>","protected":false},"excerpt":{"rendered":"<p>Leider ist der Eintrag nur auf FR und EN verf\u00fcgbar. L\u2019Agora des Habitants de la Terre (AHT) promeut 5 principes : Pour le devenir des Habitants de la Terre, une humanit\u00e9 responsable doit apprendre le\u00a0vivre ensemble\u00a0en adh\u00e9rant aux id\u00e9aux f\u00e9ministes, \u00e9cologiques, solidaires, d\u00e9mocratiques et pacifiques (oppos\u00e9s \u00e0 toute guerre, en particulier, nucl\u00e9aire). En vue de [&hellip;]<\/p>\n","protected":false},"author":5,"featured_media":0,"parent":0,"menu_order":0,"comment_status":"closed","ping_status":"closed","template":"","meta":{"footnotes":""},"class_list":["post-367","page","type-page","status-publish","hentry"],"_links":{"self":[{"href":"https:\/\/agora-humanite.org\/de\/wp-json\/wp\/v2\/pages\/367"}],"collection":[{"href":"https:\/\/agora-humanite.org\/de\/wp-json\/wp\/v2\/pages"}],"about":[{"href":"https:\/\/agora-humanite.org\/de\/wp-json\/wp\/v2\/types\/page"}],"author":[{"embeddable":true,"href":"https:\/\/agora-humanite.org\/de\/wp-json\/wp\/v2\/users\/5"}],"replies":[{"embeddable":true,"href":"https:\/\/agora-humanite.org\/de\/wp-json\/wp\/v2\/comments?post=367"}],"version-history":[{"count":11,"href":"https:\/\/agora-humanite.org\/de\/wp-json\/wp\/v2\/pages\/367\/revisions"}],"predecessor-version":[{"id":2499,"href":"https:\/\/agora-humanite.org\/de\/wp-json\/wp\/v2\/pages\/367\/revisions\/2499"}],"wp:attachment":[{"href":"https:\/\/agora-humanite.org\/de\/wp-json\/wp\/v2\/media?parent=367"}],"curies":[{"name":"wp","href":"https:\/\/api.w.org\/{rel}","templated":true}]}}