{"id":2135,"date":"2021-03-11T08:45:53","date_gmt":"2021-03-11T07:45:53","guid":{"rendered":"https:\/\/agora-humanite.org\/?page_id=2135"},"modified":"2021-04-14T18:32:56","modified_gmt":"2021-04-14T16:32:56","slug":"adhesion","status":"publish","type":"page","link":"https:\/\/agora-humanite.org\/en\/adhesion\/","title":{"rendered":"Membership"},"content":{"rendered":"\t\t<div data-elementor-type=\"wp-page\" data-elementor-id=\"2135\" class=\"elementor elementor-2135\">\n\t\t\t\t\t\t<section class=\"elementor-section elementor-top-section elementor-element elementor-element-14a058b9 elementor-section-boxed elementor-section-height-default elementor-section-height-default\" data-id=\"14a058b9\" data-element_type=\"section\" data-e-type=\"section\">\n\t\t\t\t\t\t<div class=\"elementor-container elementor-column-gap-default\">\n\t\t\t\t\t<div class=\"elementor-column elementor-col-100 elementor-top-column elementor-element elementor-element-32708e8\" data-id=\"32708e8\" data-element_type=\"column\" data-e-type=\"column\">\n\t\t\t<div class=\"elementor-widget-wrap elementor-element-populated\">\n\t\t\t\t\t\t<div class=\"elementor-element elementor-element-7bb65a55 elementor-widget elementor-widget-text-editor\" data-id=\"7bb65a55\" data-element_type=\"widget\" data-e-type=\"widget\" data-widget_type=\"text-editor.default\">\n\t\t\t\t<div class=\"elementor-widget-container\">\n\t\t\t\t\t\t\t\t\t<p><\/p>\n<p>Our association &#8220;Agora of the Inhabitants of the Earth&#8221; works for social justice, the defense of human rights, participatory democracy, another sustainable development, world citizenship. It has set itself the goal of contributing to the creation of a Humanity capable of safeguarding, caring for and guaranteeing the right to life of all the inhabitants of the Earth, all living species included, and of future generations.<br>To do this, we work to raise awareness and mobilize citizens in favor of the recognition of Humanity as a key political and legal subject in global regulation. In particular, we carry out research, education, information, cooperation, dissemination and cultural creation activities, citizen mobilization, all over the world.<\/p>\n<p>We invite you to do so with us.<\/p>\n<p>If you agree to join us, complete the membership form online on this website, by which you will undertake to respect the statutes of the \u201cAgora des Habitants de la Terre\u201d association, to implement its goals and to adhere to the Association&#8217;s Charter.<\/p>\n<p>Then you&#8217;ll be invited to pay into the account of the \u201cAgora des Habitants de la Terre\u201d the amount of your annual membership fee.<\/p>\n<p>We&#8217;d like to let this amount at the discretion of each depending on your regional context and your own income.<\/p>\n<p>For Belgian members for instance, this amount is set at 10.00 EUR (ten euros) as an indication.<\/p>\n<p>Here are the contact details of the association&#8217;s bank account:<\/p>\n<p>Agora des Habitants de la Terre ASBL<\/p>\n<p>Code IBAN&nbsp;: BE29-1030-7266-2364<\/p>\n<p>Code BIC&nbsp;: NICABEBB<\/p>\n<p>Bank headquarters: CRELAN \u2013 251 bvd Sylvain Dupuis, 1070 Anderlecht \u2013 Belgique<\/p>\n<p>You must indicate in communication: LAST NAME First name Contribution 2021.<\/p>\n<p>Of course, the association can also receive donations: this will not affect either its independence or its freedom to determine its priorities.<\/p>\n<p>We thank you in advance for your trust and we look forward to having you among us to, together, make Humanity a key institutional actor in the future of life on behalf of all the Inhabitants of the Earth.<\/p>\n<p>\n<div class=\"wpcf7 no-js\" id=\"wpcf7-f2527-o1\" lang=\"en-US\" dir=\"ltr\" data-wpcf7-id=\"2527\">\n<div class=\"screen-reader-response\"><p role=\"status\" aria-live=\"polite\" aria-atomic=\"true\"><\/p> <ul><\/ul><\/div>\n<form action=\"\/en\/wp-json\/wp\/v2\/pages\/2135#wpcf7-f2527-o1\" method=\"post\" class=\"wpcf7-form init\" aria-label=\"Contact form\" novalidate=\"novalidate\" data-status=\"init\">\n<div style=\"display: none;\">\n<input type=\"hidden\" name=\"_wpcf7\" value=\"2527\" \/>\n<input type=\"hidden\" name=\"_wpcf7_version\" value=\"6.0.6\" \/>\n<input type=\"hidden\" name=\"_wpcf7_locale\" value=\"en_US\" \/>\n<input type=\"hidden\" name=\"_wpcf7_unit_tag\" value=\"wpcf7-f2527-o1\" \/>\n<input type=\"hidden\" name=\"_wpcf7_container_post\" value=\"0\" \/>\n<input type=\"hidden\" name=\"_wpcf7_posted_data_hash\" value=\"\" \/>\n<\/div>\n<p><label>Name*<br \/>\n<span class=\"wpcf7-form-control-wrap\" data-name=\"your-name\"><input size=\"40\" maxlength=\"400\" class=\"wpcf7-form-control wpcf7-text wpcf7-validates-as-required\" aria-required=\"true\" aria-invalid=\"false\" value=\"\" type=\"text\" name=\"your-name\" \/><\/span> <\/label>\n<\/p>\n<p><label>Pr\u00e9nom*<br \/>\n<span class=\"wpcf7-form-control-wrap\" data-name=\"your-prenom\"><input size=\"40\" maxlength=\"400\" class=\"wpcf7-form-control wpcf7-text wpcf7-validates-as-required\" aria-required=\"true\" aria-invalid=\"false\" value=\"\" type=\"text\" name=\"your-prenom\" \/><\/span> <\/label>\n<\/p>\n<p><label>Date de naissance*<br \/>\n<span class=\"wpcf7-form-control-wrap\" data-name=\"datenaissance\"><input class=\"wpcf7-form-control wpcf7-date wpcf7-validates-as-required wpcf7-validates-as-date\" aria-required=\"true\" aria-invalid=\"false\" value=\"\" type=\"date\" name=\"datenaissance\" \/><\/span> <\/label>\n<\/p>\n<p><label>Adresse postale<br \/>\n<span class=\"wpcf7-form-control-wrap\" data-name=\"adresse\"><input size=\"40\" maxlength=\"400\" class=\"wpcf7-form-control wpcf7-text\" aria-invalid=\"false\" value=\"\" type=\"text\" name=\"adresse\" \/><\/span> <\/label>\n<\/p>\n<p><label>Localit\u00e9 de r\u00e9sidence*<br \/>\n<span class=\"wpcf7-form-control-wrap\" data-name=\"residence\"><input size=\"40\" maxlength=\"400\" class=\"wpcf7-form-control wpcf7-text wpcf7-validates-as-required\" aria-required=\"true\" aria-invalid=\"false\" value=\"\" type=\"text\" name=\"residence\" \/><\/span> <\/label>\n<\/p>\n<p><label>Adresse \u00e9lectronique*<br \/>\n<span class=\"wpcf7-form-control-wrap\" data-name=\"your-email\"><input size=\"40\" maxlength=\"400\" class=\"wpcf7-form-control wpcf7-email wpcf7-validates-as-required wpcf7-text wpcf7-validates-as-email\" aria-required=\"true\" aria-invalid=\"false\" value=\"\" type=\"email\" name=\"your-email\" \/><\/span> <\/label>\n<\/p>\n<p><label>Num\u00e9ro de t\u00e9l\u00e9phone<br \/>\n<span class=\"wpcf7-form-control-wrap\" data-name=\"tel\"><input size=\"40\" maxlength=\"400\" class=\"wpcf7-form-control wpcf7-tel wpcf7-text wpcf7-validates-as-tel\" aria-invalid=\"false\" value=\"\" type=\"tel\" name=\"tel\" \/><\/span><br \/>\n<\/label><br \/>\nGenre<br \/>\n<span class=\"wpcf7-form-control-wrap\" data-name=\"genre\"><span class=\"wpcf7-form-control wpcf7-checkbox\"><span class=\"wpcf7-list-item first\"><label><input type=\"checkbox\" name=\"genre[]\" value=\"Femme\" \/><span class=\"wpcf7-list-item-label\">Femme<\/span><\/label><\/span><span class=\"wpcf7-list-item\"><label><input type=\"checkbox\" name=\"genre[]\" value=\"Homme\" \/><span class=\"wpcf7-list-item-label\">Homme<\/span><\/label><\/span><span class=\"wpcf7-list-item last\"><label><input type=\"checkbox\" name=\"genre[]\" value=\"Autre\" \/><span class=\"wpcf7-list-item-label\">Autre<\/span><\/label><\/span><\/span><\/span>\n<\/p>\n<p><label>Statut (professionnel ou autre)<br \/>\n<span class=\"wpcf7-form-control-wrap\" data-name=\"profession\"><input size=\"40\" maxlength=\"400\" class=\"wpcf7-form-control wpcf7-text\" aria-invalid=\"false\" value=\"\" type=\"text\" name=\"profession\" \/><\/span> <\/label>\n<\/p>\n<p><label>Remarque \u00e9ventuelles<br \/>\n<span class=\"wpcf7-form-control-wrap\" data-name=\"your-message\"><textarea cols=\"40\" rows=\"10\" maxlength=\"2000\" class=\"wpcf7-form-control wpcf7-textarea\" aria-invalid=\"false\" name=\"your-message\"><\/textarea><\/span> <\/label>\n<\/p>\n<p><input class=\"wpcf7-form-control wpcf7-submit has-spinner\" type=\"submit\" value=\"Submit\" \/>\n<\/p><div class=\"wpcf7-response-output\" aria-hidden=\"true\"><\/div>\n<\/form>\n<\/div>\n<br><\/p>\n<p><\/p>\n<p><\/p>\n<p><\/p>\n<p><\/p>\n<p><\/p>\t\t\t\t\t\t\t\t<\/div>\n\t\t\t\t<\/div>\n\t\t\t\t\t<\/div>\n\t\t<\/div>\n\t\t\t\t\t<\/div>\n\t\t<\/section>\n\t\t\t\t<\/div>\n\t\t","protected":false},"excerpt":{"rendered":"<p>Our association &#8220;Agora of the Inhabitants of the Earth&#8221; works for social justice, the defense of human rights, participatory democracy, another sustainable development, world citizenship. It has set itself the goal of contributing to the creation of a Humanity capable of safeguarding, caring for and guaranteeing the right to life of all the inhabitants of [&hellip;]<\/p>\n","protected":false},"author":1,"featured_media":0,"parent":0,"menu_order":0,"comment_status":"closed","ping_status":"closed","template":"","meta":{"footnotes":""},"class_list":["post-2135","page","type-page","status-publish","hentry"],"_links":{"self":[{"href":"https:\/\/agora-humanite.org\/en\/wp-json\/wp\/v2\/pages\/2135"}],"collection":[{"href":"https:\/\/agora-humanite.org\/en\/wp-json\/wp\/v2\/pages"}],"about":[{"href":"https:\/\/agora-humanite.org\/en\/wp-json\/wp\/v2\/types\/page"}],"author":[{"embeddable":true,"href":"https:\/\/agora-humanite.org\/en\/wp-json\/wp\/v2\/users\/1"}],"replies":[{"embeddable":true,"href":"https:\/\/agora-humanite.org\/en\/wp-json\/wp\/v2\/comments?post=2135"}],"version-history":[{"count":42,"href":"https:\/\/agora-humanite.org\/en\/wp-json\/wp\/v2\/pages\/2135\/revisions"}],"predecessor-version":[{"id":2540,"href":"https:\/\/agora-humanite.org\/en\/wp-json\/wp\/v2\/pages\/2135\/revisions\/2540"}],"wp:attachment":[{"href":"https:\/\/agora-humanite.org\/en\/wp-json\/wp\/v2\/media?parent=2135"}],"curies":[{"name":"wp","href":"https:\/\/api.w.org\/{rel}","templated":true}]}}