{"id":1736,"date":"2021-02-25T10:40:58","date_gmt":"2021-02-25T09:40:58","guid":{"rendered":"https:\/\/agora-humanite.org\/?page_id=1736"},"modified":"2021-03-13T11:29:49","modified_gmt":"2021-03-13T10:29:49","slug":"les-statuts","status":"publish","type":"page","link":"https:\/\/agora-humanite.org\/es\/les-statuts\/","title":{"rendered":"Estatutos"},"content":{"rendered":"<p><\/p>\n<p><\/p>\n<p><\/p>\n<p><\/p>\n<p><\/p>\n<p>El prop\u00f3sito de la asociaci\u00f3n es<\/p>\n<ul>\n<li>promover procesos de sensibilizaci\u00f3n y movilizaci\u00f3n ciudadana para el reconocimiento de<br \/>\nla humanidad como sujeto pol\u00edtico y jur\u00eddico clave de la regulaci\u00f3n mundial, y<\/li>\n<li>contribuir a la creaci\u00f3n de una humanidad capaz de salvaguardar, cuidar y garantizar el<br \/>\nderecho a la vida de todos los habitantes de la Tierra (incluidas todas las especies vivas) y<br \/>\nde las generaciones futuras.<\/li>\n<\/ul>\n<p>Su objetivo es ser una asociaci\u00f3n que trabaje por la justicia social, la defensa de los derechos<br \/>\nhumanos, la democracia participativa, otro desarrollo sostenible y la ciudadan\u00eda mundial.<\/p>\n<p><a href=\"https:\/\/agora-humanite.org\/wp-content\/uploads\/2021\/03\/21-0125-Estatutos-asbl-AGORA-H-T-ES.pdf\">Estatutos &#8211; AHT &#8211; ES<\/a> <\/p>","protected":false},"excerpt":{"rendered":"<p>El prop\u00f3sito de la asociaci\u00f3n es promover procesos de sensibilizaci\u00f3n y movilizaci\u00f3n ciudadana para el reconocimiento de la humanidad como sujeto pol\u00edtico y jur\u00eddico clave de la regulaci\u00f3n mundial, y contribuir a la creaci\u00f3n de una humanidad capaz de salvaguardar, cuidar y garantizar el derecho a la vida de todos los habitantes de la Tierra [&hellip;]<\/p>\n","protected":false},"author":1,"featured_media":0,"parent":0,"menu_order":0,"comment_status":"closed","ping_status":"closed","template":"","meta":{"footnotes":""},"class_list":["post-1736","page","type-page","status-publish","hentry"],"_links":{"self":[{"href":"https:\/\/agora-humanite.org\/es\/wp-json\/wp\/v2\/pages\/1736"}],"collection":[{"href":"https:\/\/agora-humanite.org\/es\/wp-json\/wp\/v2\/pages"}],"about":[{"href":"https:\/\/agora-humanite.org\/es\/wp-json\/wp\/v2\/types\/page"}],"author":[{"embeddable":true,"href":"https:\/\/agora-humanite.org\/es\/wp-json\/wp\/v2\/users\/1"}],"replies":[{"embeddable":true,"href":"https:\/\/agora-humanite.org\/es\/wp-json\/wp\/v2\/comments?post=1736"}],"version-history":[{"count":16,"href":"https:\/\/agora-humanite.org\/es\/wp-json\/wp\/v2\/pages\/1736\/revisions"}],"predecessor-version":[{"id":2282,"href":"https:\/\/agora-humanite.org\/es\/wp-json\/wp\/v2\/pages\/1736\/revisions\/2282"}],"wp:attachment":[{"href":"https:\/\/agora-humanite.org\/es\/wp-json\/wp\/v2\/media?parent=1736"}],"curies":[{"name":"wp","href":"https:\/\/api.w.org\/{rel}","templated":true}]}}