{"id":1741,"date":"2021-02-25T10:59:42","date_gmt":"2021-02-25T09:59:42","guid":{"rendered":"https:\/\/agora-humanite.org\/?page_id=1741"},"modified":"2021-05-18T10:25:39","modified_gmt":"2021-05-18T08:25:39","slug":"lassemblee-generale","status":"publish","type":"page","link":"https:\/\/agora-humanite.org\/es\/lassemblee-generale\/","title":{"rendered":"La Asamblea General"},"content":{"rendered":"<p><\/p>\n<p><u>Membres<\/u>\u00a0:<\/p>\n<p>Alain ADRIAENS (Belgique),<\/p>\n<p>Marcos P. ARRUDA (Brasil),<\/p>\n<p>Alassane BA (France),<\/p>\n<p>Guido BARBERA (Italia),<\/p>\n<p>Marcelo BARROS (Brasil),<\/p>\n<p>Cristina BERTELI (France),<\/p>\n<p>Antoinette BROUYAUX (Belgique),<\/p>\n<p>Antonio BRUNO (Italia),<\/p>\n<p>Jo\u00e3o CARA\u00e7A (Portugal),<\/p>\n<p>Sergio CASTIONI (Italia),<\/p>\n<p>Luca CECCHI (Italia),<\/p>\n<p>Martine CHATELAIN (Canada &#8211; Qu\u00e9bec),<\/p>\n<p>Francesco COMINA (Italia),<\/p>\n<p>Edgardo CONDEZA (Chile),<\/p>\n<p>Clara CORDIOLI (Italia),<\/p>\n<p>Ina DARMSTAEDTER (Deutschland),<\/p>\n<p>Armando DE NEGRI (Brasil),<\/p>\n<p>Claire DEHOVE (France),<\/p>\n<p>Jean-Marc DELGERY (France),<\/p>\n<p>Fabrice DELVAUX (Belgique),<\/p>\n<p>Jean-Pascal DERUMIER (France),<\/p>\n<p>Anibal FACCENDINI (Argentina),<\/p>\n<p>Adriana FERNANDEZ (Chile),<\/p>\n<p>Alfio FOTI (Italia),<\/p>\n<p>Pierre GALAND (Belgique),<\/p>\n<p>Lilia GHANEM (Lubnan),<\/p>\n<p>Melissa GINGREAU (France),<\/p>\n<p>Philippe GIROUL (Canada-Qu\u00e9bec),<\/p>\n<p>Luis INFANTI DE LA MORA (Chile),<\/p>\n<p>Pierre JASMIN (Canada \u2013 Qu\u00e9bec),<\/p>\n<p>Fatoumata KI-ZERBO (Burkina Faso),<\/p>\n<p>Mady LEDANT (Belgique),<\/p>\n<p>Paola LIBANTI (Italia),<\/p>\n<p>Debora NUNES (Brasil),<\/p>\n<p>Christine PAGNOULLE (Belgique),<\/p>\n<p>Maria PALATINE (Belgique),<\/p>\n<p>Pietro PIZZUTI (Italia),<\/p>\n<p>Jean-Yves PROULX (Canada &#8211; Qu\u00e9bec),<\/p>\n<p>Luiz RENA (Brasil),<\/p>\n<p>Domenico RIZZUTI (Italia),<\/p>\n<p>Paul SAIZ (France),<\/p>\n<p>Lucie SAUVE (Canada \u2013 Qu\u00e9bec),<\/p>\n<p>Roberto SAVIO (Italia),<\/p>\n<p>Catherine SCHLITZ (Belgique),<\/p>\n<p>Cristiana SPINEDI (Suisse),<\/p>\n<p>H\u00e9l\u00e8ne TREMBLAY (Canada-Qu\u00e9bec),<\/p>\n<p>Philippe VENIEL (France),<\/p>\n<p>Emanuele VILLA (Italia),<\/p>\n<p>Jean-Pierre WAUQUIER (France),<\/p>\n<p>Gilles YOVAN (France)<\/p>\n<p><u>Secr\u00e9taire G\u00e9n\u00e9ral<\/u>\u00a0: Alain DANGOISSE<\/p>\n<p><u>Pr\u00e9sident<\/u>\u00a0: Riccardo PETRELLA<\/p>\n<p><\/p>","protected":false},"excerpt":{"rendered":"<p>Membres\u00a0: Alain ADRIAENS (Belgique), Marcos P. ARRUDA (Brasil), Alassane BA (France), Guido BARBERA (Italia), Marcelo BARROS (Brasil), Cristina BERTELI (France), Antoinette BROUYAUX (Belgique), Antonio BRUNO (Italia), Jo\u00e3o CARA\u00e7A (Portugal), Sergio CASTIONI (Italia), Luca CECCHI (Italia), Martine CHATELAIN (Canada &#8211; Qu\u00e9bec), Francesco COMINA (Italia), Edgardo CONDEZA (Chile), Clara CORDIOLI (Italia), Ina DARMSTAEDTER (Deutschland), Armando DE NEGRI [&hellip;]<\/p>\n","protected":false},"author":1,"featured_media":0,"parent":0,"menu_order":0,"comment_status":"closed","ping_status":"closed","template":"","meta":{"footnotes":""},"class_list":["post-1741","page","type-page","status-publish","hentry"],"_links":{"self":[{"href":"https:\/\/agora-humanite.org\/es\/wp-json\/wp\/v2\/pages\/1741"}],"collection":[{"href":"https:\/\/agora-humanite.org\/es\/wp-json\/wp\/v2\/pages"}],"about":[{"href":"https:\/\/agora-humanite.org\/es\/wp-json\/wp\/v2\/types\/page"}],"author":[{"embeddable":true,"href":"https:\/\/agora-humanite.org\/es\/wp-json\/wp\/v2\/users\/1"}],"replies":[{"embeddable":true,"href":"https:\/\/agora-humanite.org\/es\/wp-json\/wp\/v2\/comments?post=1741"}],"version-history":[{"count":26,"href":"https:\/\/agora-humanite.org\/es\/wp-json\/wp\/v2\/pages\/1741\/revisions"}],"predecessor-version":[{"id":2640,"href":"https:\/\/agora-humanite.org\/es\/wp-json\/wp\/v2\/pages\/1741\/revisions\/2640"}],"wp:attachment":[{"href":"https:\/\/agora-humanite.org\/es\/wp-json\/wp\/v2\/media?parent=1741"}],"curies":[{"name":"wp","href":"https:\/\/api.w.org\/{rel}","templated":true}]}}