{"id":1743,"date":"2021-02-25T10:59:53","date_gmt":"2021-02-25T09:59:53","guid":{"rendered":"https:\/\/agora-humanite.org\/?page_id=1743"},"modified":"2021-04-10T14:54:29","modified_gmt":"2021-04-10T12:54:29","slug":"gestion","status":"publish","type":"page","link":"https:\/\/agora-humanite.org\/es\/gestion\/","title":{"rendered":"La organizaci\u00f3n"},"content":{"rendered":"<p><\/p>\n<p><\/p>\n<p><\/p>\n<p><\/p>\n<p>Del 13 al 16 de diciembre de 2018, fuimos 200 personas, provenientes de diferentes regiones de Europa, \u00c1frica, Am\u00e9rica Latina y Asia, para reunirnos durante el primer \u00c1gora de los Habitantes de la Tierra en Sezano, un pueblo italiano cercano a Verona.<\/p>\n<p>Convencidos de que nada justifica la desigualdad en el derecho a la vida y que como seres humanos somos colectivamente responsables de vivir bien juntos en la Tierra, nos hemos embarcado en el camino de concretar un &#8220;pacto de Humanidad&#8221; que proscribir\u00e1 la producci\u00f3n deliberada de pobreza devastaci\u00f3n ecol\u00f3gica a trav\u00e9s de la mercantilizaci\u00f3n de bienes comunes, finanzas deshumanizadas y armas de guerra.<\/p>\n<p>Desde entonces, nuestro movimiento ha realizado numerosas acciones: organizaci\u00f3n de campa\u00f1as globales, redacci\u00f3n y publicaci\u00f3n de carte blanche, cartas abiertas y peticiones, realizaci\u00f3n y difusi\u00f3n de aportes art\u00edsticos comprometidos, desarrollo de proyectos de educaci\u00f3n permanente y tertulias de movilizaci\u00f3n, elaboraci\u00f3n de un proyecto de la Tarjeta de Identidad Mundial &#8220;Habitante de la Tierra&#8221;, creaci\u00f3n de un sitio web&#8230;<\/p>\n<p>Despu\u00e9s de dos a\u00f1os de actividades y experiencias particularmente ricas y alentadoras, creemos que nuestra asociaci\u00f3n tiene bases suficientes y s\u00f3lidas para institucionalizar formalmente nuestro proyecto. El 25 de enero de 2021, nuestro movimiento se dot\u00f3 de una herramienta de gesti\u00f3n: la asociaci\u00f3n &#8220;Agora des Habitants de la Terre&#8221;, una asociaci\u00f3n sin \u00e1nimo de lucro de derecho belga bajo la presidencia de Riccardo PETRELLA.<\/p>\n<p><\/p>\n<p><\/p>\n<p><\/p>","protected":false},"excerpt":{"rendered":"<p>Del 13 al 16 de diciembre de 2018, fuimos 200 personas, provenientes de diferentes regiones de Europa, \u00c1frica, Am\u00e9rica Latina y Asia, para reunirnos durante el primer \u00c1gora de los Habitantes de la Tierra en Sezano, un pueblo italiano cercano a Verona. Convencidos de que nada justifica la desigualdad en el derecho a la vida [&hellip;]<\/p>\n","protected":false},"author":1,"featured_media":0,"parent":0,"menu_order":0,"comment_status":"closed","ping_status":"closed","template":"","meta":{"footnotes":""},"class_list":["post-1743","page","type-page","status-publish","hentry"],"_links":{"self":[{"href":"https:\/\/agora-humanite.org\/es\/wp-json\/wp\/v2\/pages\/1743"}],"collection":[{"href":"https:\/\/agora-humanite.org\/es\/wp-json\/wp\/v2\/pages"}],"about":[{"href":"https:\/\/agora-humanite.org\/es\/wp-json\/wp\/v2\/types\/page"}],"author":[{"embeddable":true,"href":"https:\/\/agora-humanite.org\/es\/wp-json\/wp\/v2\/users\/1"}],"replies":[{"embeddable":true,"href":"https:\/\/agora-humanite.org\/es\/wp-json\/wp\/v2\/comments?post=1743"}],"version-history":[{"count":11,"href":"https:\/\/agora-humanite.org\/es\/wp-json\/wp\/v2\/pages\/1743\/revisions"}],"predecessor-version":[{"id":2465,"href":"https:\/\/agora-humanite.org\/es\/wp-json\/wp\/v2\/pages\/1743\/revisions\/2465"}],"wp:attachment":[{"href":"https:\/\/agora-humanite.org\/es\/wp-json\/wp\/v2\/media?parent=1743"}],"curies":[{"name":"wp","href":"https:\/\/api.w.org\/{rel}","templated":true}]}}