{"id":1755,"date":"2021-02-25T11:01:41","date_gmt":"2021-02-25T10:01:41","guid":{"rendered":"https:\/\/agora-humanite.org\/?page_id=1755"},"modified":"2021-04-10T14:20:11","modified_gmt":"2021-04-10T12:20:11","slug":"engagement","status":"publish","type":"page","link":"https:\/\/agora-humanite.org\/es\/engagement\/","title":{"rendered":"La humanidad"},"content":{"rendered":"\t\t<div data-elementor-type=\"wp-page\" data-elementor-id=\"1755\" class=\"elementor elementor-1755\">\n\t\t\t\t\t\t<section class=\"elementor-section elementor-top-section elementor-element elementor-element-c18dcc4 elementor-section-boxed elementor-section-height-default elementor-section-height-default\" data-id=\"c18dcc4\" data-element_type=\"section\" data-e-type=\"section\" data-settings=\"{&quot;shape_divider_top&quot;:&quot;pyramids&quot;}\">\n\t\t\t\t\t<div class=\"elementor-shape elementor-shape-top\" aria-hidden=\"true\" data-negative=\"false\">\n\t\t\t<svg xmlns=\"http:\/\/www.w3.org\/2000\/svg\" viewBox=\"0 0 1000 100\" preserveAspectRatio=\"none\">\n\t<path class=\"elementor-shape-fill\" d=\"M761.9,44.1L643.1,27.2L333.8,98L0,3.8V0l1000,0v3.9\"\/>\n<\/svg>\t\t<\/div>\n\t\t\t\t\t<div class=\"elementor-container elementor-column-gap-default\">\n\t\t\t\t\t<div class=\"elementor-column elementor-col-100 elementor-top-column elementor-element elementor-element-87cecd1\" data-id=\"87cecd1\" data-element_type=\"column\" data-e-type=\"column\">\n\t\t\t<div class=\"elementor-widget-wrap elementor-element-populated\">\n\t\t\t\t\t\t<div class=\"elementor-element elementor-element-e16225d elementor-widget elementor-widget-text-editor\" data-id=\"e16225d\" data-element_type=\"widget\" data-e-type=\"widget\" data-widget_type=\"text-editor.default\">\n\t\t\t\t<div class=\"elementor-widget-container\">\n\t\t\t\t\t\t\t\t\t<p><b><\/b><\/p><p><\/p><p><\/p><p><strong><em>\u201cHabitante de la Tierra, me comprometo a contribuir a la construcci\u00f3n de la Humanidad, capaz de salvaguardar la vida de la Tierra para todos sus habitantes, al servicio de las generaciones futuras\u201d.<\/em><\/strong><\/p><p><\/p><p><\/p><p><\/p><p><\/p>\t\t\t\t\t\t\t\t<\/div>\n\t\t\t\t<\/div>\n\t\t\t\t\t<\/div>\n\t\t<\/div>\n\t\t\t\t\t<\/div>\n\t\t<\/section>\n\t\t\t\t<section class=\"elementor-section elementor-top-section elementor-element elementor-element-da51c10 elementor-section-boxed elementor-section-height-default elementor-section-height-default\" data-id=\"da51c10\" data-element_type=\"section\" data-e-type=\"section\">\n\t\t\t\t\t\t<div class=\"elementor-container elementor-column-gap-default\">\n\t\t\t\t\t<div class=\"elementor-column elementor-col-100 elementor-top-column elementor-element elementor-element-e955ce9\" data-id=\"e955ce9\" data-element_type=\"column\" data-e-type=\"column\">\n\t\t\t<div class=\"elementor-widget-wrap elementor-element-populated\">\n\t\t\t\t\t\t<div class=\"elementor-element elementor-element-9d12c63 elementor-widget elementor-widget-text-editor\" data-id=\"9d12c63\" data-element_type=\"widget\" data-e-type=\"widget\" data-widget_type=\"text-editor.default\">\n\t\t\t\t<div class=\"elementor-widget-container\">\n\t\t\t\t\t\t\t\t\t<p><b><\/b><\/p><p><\/p><p><\/p><p><\/p><p><strong>La Tarjeta de Identidad Mundial \u201cHabitante de la Tierra\u201d (CIM): un reconocimiento simb\u00f3lico de los principios fundamentales de la convivencia.<\/strong><\/p><p>Durante los \u00faltimos cuarenta a\u00f1os, los seres humanos han sido doblemente despojados de su humanidad:<\/p><p>\u2022 Sobre todo como ciudadanos, por el hecho de que los seres humanos se han convertido en sujetos de <strong>propiedad \u201cpatrimonial<\/strong>\u201d exclusiva de los Estados \u201cnacionales\u201d. Estos han derrumbado la ciudadan\u00eda &#8211; y la humanidad &#8211; al restringirla a la identidad nacional y someterla a la discreci\u00f3n de los poderes de las oligarqu\u00edas nacionales. Si un ser humano no tiene un adjetivo &#8220;nacional&#8221; unido a ciudadano, no existe como tal, es ap\u00e1trida, no es &#8220;uno de nosotros&#8221;.<\/p><p>\u2022 Segundo, como personas, por el hecho de que el ser humano ha sido reducido al rango de \u201c<strong>recurso humano<\/strong>\u201d al servicio de los intereses de los due\u00f1os y comerciantes del capital financiero.\u00a0<\/p><p><strong>Al emitir el CIM, el \u00c1gora de los habitantes de la Tierra reconoce dos principios fundamentales clave para &#8220;vivir juntos&#8221;:<\/strong><\/p><p>\u2022 Todos los seres humanos <strong>somos habitantes de la Tierra, antes<\/strong> de ser amarillos, blancos, negros o mestizos, et\u00edopes, afganos, colombianos, chinos, quebequenses, indios, franceses o belgas&#8230;<\/p><p>\u2022 Vivimos todos en el mismo lugar: <strong>la Tierra es nuestra \u201ccasa com\u00fan\u201d de la que nadie puede ser leg\u00edtimamente excluido por nadie<\/strong>, ni siquiera por las m\u00e1s altas autoridades pol\u00edticas, econ\u00f3micas, sociales y morales del mundo.<\/p><p>En \u00faltima instancia, se invitar\u00e1 a <strong>los municipios, las primeras formas modernas y b\u00e1sicas organizadas de comunidades humanas<\/strong>, a emitirlo.<\/p><p><\/p><p><\/p><p><\/p>\t\t\t\t\t\t\t\t<\/div>\n\t\t\t\t<\/div>\n\t\t\t\t\t<\/div>\n\t\t<\/div>\n\t\t\t\t\t<\/div>\n\t\t<\/section>\n\t\t\t\t<section class=\"elementor-section elementor-top-section elementor-element elementor-element-fdb2e63 elementor-section-boxed elementor-section-height-default elementor-section-height-default\" data-id=\"fdb2e63\" data-element_type=\"section\" data-e-type=\"section\">\n\t\t\t\t\t\t<div class=\"elementor-container elementor-column-gap-default\">\n\t\t\t\t\t<div class=\"elementor-column elementor-col-50 elementor-top-column elementor-element elementor-element-3987b10\" data-id=\"3987b10\" data-element_type=\"column\" data-e-type=\"column\">\n\t\t\t<div class=\"elementor-widget-wrap elementor-element-populated\">\n\t\t\t\t\t\t<div class=\"elementor-element elementor-element-5ca89f2 elementor-widget elementor-widget-image\" data-id=\"5ca89f2\" data-element_type=\"widget\" data-e-type=\"widget\" data-widget_type=\"image.default\">\n\t\t\t\t<div class=\"elementor-widget-container\">\n\t\t\t\t\t\t\t\t\t\t\t\t\t\t\t<img fetchpriority=\"high\" decoding=\"async\" width=\"528\" height=\"357\" src=\"https:\/\/agora-humanite.org\/wp-content\/uploads\/2021\/03\/ahtcim002fcoupe.jpg\" class=\"attachment-large size-large wp-image-1883\" alt=\"\" srcset=\"https:\/\/agora-humanite.org\/wp-content\/uploads\/2021\/03\/ahtcim002fcoupe-rotated.jpg 528w, https:\/\/agora-humanite.org\/wp-content\/uploads\/2021\/03\/ahtcim002fcoupe-300x203.jpg 300w\" sizes=\"(max-width: 528px) 100vw, 528px\" \/>\t\t\t\t\t\t\t\t\t\t\t\t\t\t\t<\/div>\n\t\t\t\t<\/div>\n\t\t\t\t\t<\/div>\n\t\t<\/div>\n\t\t\t\t<div class=\"elementor-column elementor-col-50 elementor-top-column elementor-element elementor-element-1de7e01\" data-id=\"1de7e01\" data-element_type=\"column\" data-e-type=\"column\">\n\t\t\t<div class=\"elementor-widget-wrap elementor-element-populated\">\n\t\t\t\t\t\t<div class=\"elementor-element elementor-element-52d0202 elementor-widget elementor-widget-image\" data-id=\"52d0202\" data-element_type=\"widget\" data-e-type=\"widget\" data-widget_type=\"image.default\">\n\t\t\t\t<div class=\"elementor-widget-container\">\n\t\t\t\t\t\t\t\t\t\t\t\t\t\t\t<img decoding=\"async\" width=\"533\" height=\"353\" src=\"https:\/\/agora-humanite.org\/wp-content\/uploads\/2021\/03\/ahtcim002fcoupe2.jpg\" class=\"attachment-large size-large wp-image-1884\" alt=\"\" srcset=\"https:\/\/agora-humanite.org\/wp-content\/uploads\/2021\/03\/ahtcim002fcoupe2.jpg 533w, https:\/\/agora-humanite.org\/wp-content\/uploads\/2021\/03\/ahtcim002fcoupe2-300x199.jpg 300w\" sizes=\"(max-width: 533px) 100vw, 533px\" \/>\t\t\t\t\t\t\t\t\t\t\t\t\t\t\t<\/div>\n\t\t\t\t<\/div>\n\t\t\t\t\t<\/div>\n\t\t<\/div>\n\t\t\t\t\t<\/div>\n\t\t<\/section>\n\t\t\t\t<section class=\"elementor-section elementor-top-section elementor-element elementor-element-781049d elementor-section-boxed elementor-section-height-default elementor-section-height-default\" data-id=\"781049d\" data-element_type=\"section\" data-e-type=\"section\">\n\t\t\t\t\t\t<div class=\"elementor-container elementor-column-gap-default\">\n\t\t\t\t\t<div class=\"elementor-column elementor-col-100 elementor-top-column elementor-element elementor-element-ee83164\" data-id=\"ee83164\" data-element_type=\"column\" data-e-type=\"column\">\n\t\t\t<div class=\"elementor-widget-wrap elementor-element-populated\">\n\t\t\t\t\t\t<div class=\"elementor-element elementor-element-6935a87 elementor-widget elementor-widget-text-editor\" data-id=\"6935a87\" data-element_type=\"widget\" data-e-type=\"widget\" data-widget_type=\"text-editor.default\">\n\t\t\t\t<div class=\"elementor-widget-container\">\n\t\t\t\t\t\t\t\t\t<h2><b>Une d\u00e9livrance \u00e0 la demande de citoyens conscients et engag\u00e9s<\/b><\/h2>\t\t\t\t\t\t\t\t<\/div>\n\t\t\t\t<\/div>\n\t\t\t\t\t<\/div>\n\t\t<\/div>\n\t\t\t\t\t<\/div>\n\t\t<\/section>\n\t\t\t\t<section class=\"elementor-section elementor-top-section elementor-element elementor-element-1132d548 elementor-section-boxed elementor-section-height-default elementor-section-height-default\" data-id=\"1132d548\" data-element_type=\"section\" data-e-type=\"section\">\n\t\t\t\t\t\t<div class=\"elementor-container elementor-column-gap-default\">\n\t\t\t\t\t<div class=\"elementor-column elementor-col-100 elementor-top-column elementor-element elementor-element-27389944\" data-id=\"27389944\" data-element_type=\"column\" data-e-type=\"column\">\n\t\t\t<div class=\"elementor-widget-wrap elementor-element-populated\">\n\t\t\t\t\t\t<div class=\"elementor-element elementor-element-524325bc elementor-widget elementor-widget-text-editor\" data-id=\"524325bc\" data-element_type=\"widget\" data-e-type=\"widget\" data-widget_type=\"text-editor.default\">\n\t\t\t\t<div class=\"elementor-widget-container\">\n\t\t\t\t\t\t\t\t\t<p><span style=\"font-weight: 400;\">Aujourd\u2019hui, plus de 60 millions d\u2019\u00eatres humains erre<\/span><span style=\"font-weight: 400;\">nt de par le monde \u00e0 la recherche d\u2019un lieu o\u00f9 habiter, et des milliards de personnes sont rel\u00e9gu\u00e9es dans des lieux d\u2019exclusion et d\u2019appauvrissement.<\/span><b>\u00a0<\/b><\/p><p><span style=\"font-weight: 400;\">Plus que jamais, le parcours \u00e0 construire est de \u00ab\u00a0passer du \u2018je\u2019 r\u00e9duit au \u2018nous\u2019 \u00e9largi\u00a0\u00bb <\/span><i><span style=\"font-weight: 400;\">(*)<\/span><\/i><span style=\"font-weight: 400;\"> dans la direction d\u2019une <\/span><b>Humanit\u00e9 consciente<\/b><span style=\"font-weight: 400;\"> de devoir agir en tant que communaut\u00e9 et d\u2019assumer la <\/span><b>responsabilit\u00e9 de l\u2019int\u00e9grit\u00e9 et de la r\u00e9g\u00e9n\u00e9ration permanente de la vie de la Terre<\/b><span style=\"font-weight: 400;\">. <\/span><i><span style=\"font-weight: 400;\">(*) Alessandro Andreatta, Maire de Trente (I)<\/span><\/i><\/p><p><span style=\"font-weight: 400;\">En d\u00e9livrant la Carte \u201cHabitant de la Terre\u201d aux personnes qui r\u00e9sident sur leur territoire et qui la leur demandent, les communes expriment une <\/span><b>vision qui va au <\/b><b>&#8211; del\u00e0 de la conscience individualiste<\/b><span style=\"font-weight: 400;\"> de la vie, des droits, du futur et, en m\u00eame temps, renforcent <\/span><b>l\u2019importance de la prise de responsabilit\u00e9 collective<\/b><span style=\"font-weight: 400;\"> par rapport \u00e0 la sauvegarde et au soin de la vie globale de la Terre et de tous les habitants, y compris les autres esp\u00e8ces vivantes.<\/span><\/p><p><span style=\"font-weight: 400;\">Le fait de demander sa Carte \u201cHabitant de la Terre\u201d est un acte de conscience, d\u2019esp\u00e9rance, d\u2019engagement personnel\u00a0: par principe, <\/span><b>la Carte sera<\/b> <b>d\u00e9livr\u00e9e uniquement sur demande expresse<\/b><span style=\"font-weight: 400;\">.<\/span><\/p>\t\t\t\t\t\t\t\t<\/div>\n\t\t\t\t<\/div>\n\t\t\t\t\t<\/div>\n\t\t<\/div>\n\t\t\t\t\t<\/div>\n\t\t<\/section>\n\t\t\t\t<section class=\"elementor-section elementor-top-section elementor-element elementor-element-f2dba9f elementor-section-boxed elementor-section-height-default elementor-section-height-default\" data-id=\"f2dba9f\" data-element_type=\"section\" data-e-type=\"section\">\n\t\t\t\t\t\t<div class=\"elementor-container elementor-column-gap-default\">\n\t\t\t\t\t<div class=\"elementor-column elementor-col-100 elementor-top-column elementor-element elementor-element-567f07f\" data-id=\"567f07f\" data-element_type=\"column\" data-e-type=\"column\">\n\t\t\t<div class=\"elementor-widget-wrap elementor-element-populated\">\n\t\t\t\t\t\t<div class=\"elementor-element elementor-element-a3e661c elementor-align-center elementor-widget elementor-widget-button\" data-id=\"a3e661c\" data-element_type=\"widget\" data-e-type=\"widget\" data-widget_type=\"button.default\">\n\t\t\t\t<div class=\"elementor-widget-container\">\n\t\t\t\t\t\t\t\t\t<div class=\"elementor-button-wrapper\">\n\t\t\t\t\t<a class=\"elementor-button elementor-button-link elementor-size-md elementor-animation-grow\" href=\"https:\/\/agora-humanite.org\/NEW\/votre-carte\/\">\n\t\t\t\t\t\t<span class=\"elementor-button-content-wrapper\">\n\t\t\t\t\t\t\t\t\t<span class=\"elementor-button-text\">Votre carte<\/span>\n\t\t\t\t\t<\/span>\n\t\t\t\t\t<\/a>\n\t\t\t\t<\/div>\n\t\t\t\t\t\t\t\t<\/div>\n\t\t\t\t<\/div>\n\t\t\t\t<div class=\"elementor-element elementor-element-3797dc2 elementor-align-center elementor-widget elementor-widget-button\" data-id=\"3797dc2\" data-element_type=\"widget\" data-e-type=\"widget\" data-widget_type=\"button.default\">\n\t\t\t\t<div class=\"elementor-widget-container\">\n\t\t\t\t\t\t\t\t\t<div class=\"elementor-button-wrapper\">\n\t\t\t\t\t<a class=\"elementor-button elementor-button-link elementor-size-md elementor-animation-grow\" href=\"http:\/\/www.pilmeyer.com\/cim\/cimfr3.pdf\">\n\t\t\t\t\t\t<span class=\"elementor-button-content-wrapper\">\n\t\t\t\t\t\t\t\t\t<span class=\"elementor-button-text\">Plus d'infos sur la CIM<\/span>\n\t\t\t\t\t<\/span>\n\t\t\t\t\t<\/a>\n\t\t\t\t<\/div>\n\t\t\t\t\t\t\t\t<\/div>\n\t\t\t\t<\/div>\n\t\t\t\t\t<\/div>\n\t\t<\/div>\n\t\t\t\t\t<\/div>\n\t\t<\/section>\n\t\t\t\t<\/div>\n\t\t","protected":false},"excerpt":{"rendered":"<p>\u201cHabitante de la Tierra, me comprometo a contribuir a la construcci\u00f3n de la Humanidad, capaz de salvaguardar la vida de la Tierra para todos sus habitantes, al servicio de las generaciones futuras\u201d. La Tarjeta de Identidad Mundial \u201cHabitante de la Tierra\u201d (CIM): un reconocimiento simb\u00f3lico de los principios fundamentales de la convivencia. Durante los \u00faltimos [&hellip;]<\/p>\n","protected":false},"author":1,"featured_media":0,"parent":0,"menu_order":0,"comment_status":"closed","ping_status":"closed","template":"","meta":{"footnotes":""},"class_list":["post-1755","page","type-page","status-publish","hentry"],"_links":{"self":[{"href":"https:\/\/agora-humanite.org\/es\/wp-json\/wp\/v2\/pages\/1755"}],"collection":[{"href":"https:\/\/agora-humanite.org\/es\/wp-json\/wp\/v2\/pages"}],"about":[{"href":"https:\/\/agora-humanite.org\/es\/wp-json\/wp\/v2\/types\/page"}],"author":[{"embeddable":true,"href":"https:\/\/agora-humanite.org\/es\/wp-json\/wp\/v2\/users\/1"}],"replies":[{"embeddable":true,"href":"https:\/\/agora-humanite.org\/es\/wp-json\/wp\/v2\/comments?post=1755"}],"version-history":[{"count":103,"href":"https:\/\/agora-humanite.org\/es\/wp-json\/wp\/v2\/pages\/1755\/revisions"}],"predecessor-version":[{"id":2462,"href":"https:\/\/agora-humanite.org\/es\/wp-json\/wp\/v2\/pages\/1755\/revisions\/2462"}],"wp:attachment":[{"href":"https:\/\/agora-humanite.org\/es\/wp-json\/wp\/v2\/media?parent=1755"}],"curies":[{"name":"wp","href":"https:\/\/api.w.org\/{rel}","templated":true}]}}