{"id":2716,"date":"2021-10-15T16:21:49","date_gmt":"2021-10-15T14:21:49","guid":{"rendered":"https:\/\/agora-humanite.org\/?page_id=2716"},"modified":"2021-11-07T22:25:27","modified_gmt":"2021-11-07T21:25:27","slug":"les-artistes","status":"publish","type":"page","link":"https:\/\/agora-humanite.org\/es\/les-artistes\/","title":{"rendered":"Les Artistes"},"content":{"rendered":"\t\t<div data-elementor-type=\"wp-page\" data-elementor-id=\"2716\" class=\"elementor elementor-2716\">\n\t\t\t\t\t\t<section class=\"elementor-section elementor-top-section elementor-element elementor-element-5fd5b505 elementor-section-boxed elementor-section-height-default elementor-section-height-default\" data-id=\"5fd5b505\" data-element_type=\"section\" data-e-type=\"section\">\n\t\t\t\t\t\t<div class=\"elementor-container elementor-column-gap-default\">\n\t\t\t\t\t<div class=\"elementor-column elementor-col-100 elementor-top-column elementor-element elementor-element-4b4cfde0\" data-id=\"4b4cfde0\" data-element_type=\"column\" data-e-type=\"column\">\n\t\t\t<div class=\"elementor-widget-wrap elementor-element-populated\">\n\t\t\t\t\t\t<div class=\"elementor-element elementor-element-28d4ac77 elementor-widget elementor-widget-text-editor\" data-id=\"28d4ac77\" data-element_type=\"widget\" data-e-type=\"widget\" data-widget_type=\"text-editor.default\">\n\t\t\t\t<div class=\"elementor-widget-container\">\n\t\t\t\t\t\t\t\t\tPage en construction\t\t\t\t\t\t\t\t<\/div>\n\t\t\t\t<\/div>\n\t\t\t\t\t<\/div>\n\t\t<\/div>\n\t\t\t\t\t<\/div>\n\t\t<\/section>\n\t\t\t\t<section class=\"elementor-section elementor-top-section elementor-element elementor-element-ec334d3 elementor-section-boxed elementor-section-height-default elementor-section-height-default\" data-id=\"ec334d3\" data-element_type=\"section\" data-e-type=\"section\">\n\t\t\t\t\t\t<div class=\"elementor-container elementor-column-gap-default\">\n\t\t\t\t\t<div class=\"elementor-column elementor-col-100 elementor-top-column elementor-element elementor-element-a211ec0\" data-id=\"a211ec0\" data-element_type=\"column\" data-e-type=\"column\">\n\t\t\t<div class=\"elementor-widget-wrap elementor-element-populated\">\n\t\t\t\t\t\t<div class=\"elementor-element elementor-element-95e89fb elementor-position-left elementor-vertical-align-top elementor-widget elementor-widget-image-box\" data-id=\"95e89fb\" data-element_type=\"widget\" data-e-type=\"widget\" data-widget_type=\"image-box.default\">\n\t\t\t\t<div class=\"elementor-widget-container\">\n\t\t\t\t\t<div class=\"elementor-image-box-wrapper\"><figure class=\"elementor-image-box-img\"><img decoding=\"async\" width=\"157\" height=\"209\" src=\"https:\/\/agora-humanite.org\/wp-content\/uploads\/2021\/11\/FlorencePittolo.gif\" class=\"elementor-animation-grow attachment-full size-full wp-image-2774\" alt=\"\" \/><\/figure><div class=\"elementor-image-box-content\"><h3 class=\"elementor-image-box-title\">Sahaj Neel<\/h3><p class=\"elementor-image-box-description\">Sahaj Neel est auteure, -r\u00e9cemment du \u00ab Manifeste pour la nouvelle humanit\u00e9 \u00bb Edilivre 2021,- danseuse sacr\u00e9e, elle incarne le mouvement conscient de la Vie qui se d\u00e9ploie, dans le corps et dans l\u2019\u00e9criture, quelques fois en pictural. \u00ab Sahaj \u00bb en sanscrit signifie spontan\u00e9e. Fran\u00e7aise d\u2019origine, elle a v\u00e9cu longtemps en Asie notamment comme sociologue des Droits Humains et l\u2019identit\u00e9 des femmes. Baroudeuse au sein de traditions elle re\u00e7ut enseignements et arts qui nous \u00e9veillent \u00e0 la naissance spontan\u00e9e de l\u2019instant. Elle est \u00e0 l\u2019origine du mouvement international <strong>Femmes Gardiennes DO<\/strong> et de <a href=\"http:\/\/intowater.org\">intowater.org<\/a> qui l\u2019a mis en contact avec <strong>Riccardo Petrella<\/strong>.<br>Sahaj Neel met en sc\u00e8ne des danses\/happening \u00ab&nbsp;mandala de lumi\u00e8re&nbsp;\u00bb qui, s\u2019inspirant de la danse Odissi, du Tibet, Gr\u00e8ce et de la sagesse h\u00e9bra\u00efque \u2013 a \u00e9t\u00e9 partag\u00e9e dans plus de 10 pays en rassemblant danseurs et \u00ab&nbsp;n\u00e9ophytes bien vivants&nbsp;co-cr\u00e9ateurs du monde&nbsp;\u00bb.<\/p><\/div><\/div>\t\t\t\t<\/div>\n\t\t\t\t<\/div>\n\t\t\t\t\t<\/div>\n\t\t<\/div>\n\t\t\t\t\t<\/div>\n\t\t<\/section>\n\t\t\t\t<section class=\"elementor-section elementor-top-section elementor-element elementor-element-f76489a elementor-section-boxed elementor-section-height-default elementor-section-height-default\" data-id=\"f76489a\" data-element_type=\"section\" data-e-type=\"section\">\n\t\t\t\t\t\t<div class=\"elementor-container elementor-column-gap-default\">\n\t\t\t\t\t<div class=\"elementor-column elementor-col-100 elementor-top-column elementor-element elementor-element-b8991e8\" data-id=\"b8991e8\" data-element_type=\"column\" data-e-type=\"column\">\n\t\t\t<div class=\"elementor-widget-wrap elementor-element-populated\">\n\t\t\t\t\t\t<div class=\"elementor-element elementor-element-34321af elementor-position-left elementor-vertical-align-top elementor-widget elementor-widget-image-box\" data-id=\"34321af\" data-element_type=\"widget\" data-e-type=\"widget\" data-widget_type=\"image-box.default\">\n\t\t\t\t<div class=\"elementor-widget-container\">\n\t\t\t\t\t<div class=\"elementor-image-box-wrapper\"><figure class=\"elementor-image-box-img\"><img fetchpriority=\"high\" decoding=\"async\" width=\"481\" height=\"630\" src=\"https:\/\/agora-humanite.org\/wp-content\/uploads\/2021\/11\/SoumayaHallak.jpg\" class=\"elementor-animation-grow attachment-full size-full wp-image-2781\" alt=\"\" srcset=\"https:\/\/agora-humanite.org\/wp-content\/uploads\/2021\/11\/SoumayaHallak.jpg 481w, https:\/\/agora-humanite.org\/wp-content\/uploads\/2021\/11\/SoumayaHallak-229x300.jpg 229w\" sizes=\"(max-width: 481px) 100vw, 481px\" \/><\/figure><div class=\"elementor-image-box-content\"><h3 class=\"elementor-image-box-title\">Soumaya Hallak<\/h3><p class=\"elementor-image-box-description\">La soprano Suisse d\u2019origine Syrienne Soumaya Hallak commence le chant en Soliste de son plus jeune \u00e2ge notamment au Grand Th\u00e9\u00e2tre de Gen\u00e8ve avec des chefs comme Armin Jordan, Fabio Luisi, Mario Vengazi et des metteurs en sc\u00e8ne comme Robert Carsen ou Francisco Negrin. Elle est dipl\u00f4m\u00e9e de La Chapelle Reine Elisabeth avec \u00ab grande distinction \u00bb en 2009. En septembre 2020 Soumaya a obtenue son master en chant lyrique \u00e0 la Haute \u00c9cole de Musique Lausanne, dans la classe de Jeanne-Mich\u00e8le Charbonnet. Parall\u00e8lement \u00e0 ses activit\u00e9s de chanteuse, elle a cr\u00e9e le projet 1, 2, 3, HOPE, LOVE, LIFE for PEACE pour les enfants syriens victimes de la guerre. <br>Plus d'infos: <a href=\"http:\/\/www.soumayahallak.com\">www.soumayahallak.com<\/a><\/p><\/div><\/div>\t\t\t\t<\/div>\n\t\t\t\t<\/div>\n\t\t\t\t\t<\/div>\n\t\t<\/div>\n\t\t\t\t\t<\/div>\n\t\t<\/section>\n\t\t\t\t<\/div>\n\t\t","protected":false},"excerpt":{"rendered":"<p>Disculpa, pero esta entrada est\u00e1 disponible s\u00f3lo en FR.Page en construction Sahaj Neel Sahaj Neel est auteure, -r\u00e9cemment du \u00ab Manifeste pour la nouvelle humanit\u00e9 \u00bb Edilivre 2021,- danseuse sacr\u00e9e, elle incarne le mouvement conscient de la Vie qui se d\u00e9ploie, dans le corps et dans l\u2019\u00e9criture, quelques fois en pictural. \u00ab Sahaj \u00bb en [&hellip;]<\/p>\n","protected":false},"author":7,"featured_media":0,"parent":0,"menu_order":0,"comment_status":"closed","ping_status":"closed","template":"","meta":{"footnotes":""},"class_list":["post-2716","page","type-page","status-publish","hentry"],"_links":{"self":[{"href":"https:\/\/agora-humanite.org\/es\/wp-json\/wp\/v2\/pages\/2716"}],"collection":[{"href":"https:\/\/agora-humanite.org\/es\/wp-json\/wp\/v2\/pages"}],"about":[{"href":"https:\/\/agora-humanite.org\/es\/wp-json\/wp\/v2\/types\/page"}],"author":[{"embeddable":true,"href":"https:\/\/agora-humanite.org\/es\/wp-json\/wp\/v2\/users\/7"}],"replies":[{"embeddable":true,"href":"https:\/\/agora-humanite.org\/es\/wp-json\/wp\/v2\/comments?post=2716"}],"version-history":[{"count":29,"href":"https:\/\/agora-humanite.org\/es\/wp-json\/wp\/v2\/pages\/2716\/revisions"}],"predecessor-version":[{"id":2803,"href":"https:\/\/agora-humanite.org\/es\/wp-json\/wp\/v2\/pages\/2716\/revisions\/2803"}],"wp:attachment":[{"href":"https:\/\/agora-humanite.org\/es\/wp-json\/wp\/v2\/media?parent=2716"}],"curies":[{"name":"wp","href":"https:\/\/api.w.org\/{rel}","templated":true}]}}