{"id":1743,"date":"2021-02-25T10:59:53","date_gmt":"2021-02-25T09:59:53","guid":{"rendered":"https:\/\/agora-humanite.org\/?page_id=1743"},"modified":"2021-04-10T14:54:29","modified_gmt":"2021-04-10T12:54:29","slug":"gestion","status":"publish","type":"page","link":"https:\/\/agora-humanite.org\/it\/gestion\/","title":{"rendered":"L&#8217;organizzazione"},"content":{"rendered":"<p><\/p>\n<p><\/p>\n<p><\/p>\n<p><\/p>\n<p><\/p>\n<p>Dal 13 al 16 dicembre 2018, siamo stati 200 persone, provenienti da diverse regioni d&#8217;Europa, Africa, America Latina e Asia, ad incontrarsi durante la prima Agor\u00e0 degli Abitanti della Terra a Sezano, un paese italiano vicino a Verona.<\/p>\n<p>Convinti che nulla giustifichi la disuguaglianza nel diritto alla vita e che come esseri umani siamo collettivamente responsabili della convivenza sulla Terra, abbiamo cos\u00ec intrapreso la strada della conclusione di un &#8220;patto di umanit\u00e0&#8221; che metter\u00e0 fuori legge la produzione deliberata di povert\u00e0 e devastazione ecologica attraverso la mercificazione di beni comuni, finanza disumanizzata e armi da guerra.<\/p>\n<p>Da allora, il nostro movimento ha svolto numerose azioni: organizzazione di campagne globali, scrittura e pubblicazione di carta bianca, lettere aperte e petizioni, realizzazione e diffusione di contributi artistici impegnati, sviluppo di progetti di educazione permanente e raduni di mobilitazione, elaborazione di un progetto di una carta d&#8217;identit\u00e0 mondiale &#8220;Abitanti della Terra&#8221;, creazione di un sito web&#8230;<\/p>\n<p>Dopo due anni di attivit\u00e0 ed esperienze particolarmente ricche e incoraggianti, crediamo che la nostra associazione si basi su basi sufficienti e solide per istituzionalizzare formalmente il nostro progetto. Il 25 gennaio 2021 il nostro movimento si \u00e8 dotato di uno strumento gestionale: l&#8217;associazione &#8220;Agora des Habitants de la Terre&#8221;, associazione senza scopo di lucro di diritto belga sotto la presidenza di Riccardo PETRELLA.<\/p>\n<p><\/p>\n<p><\/p>","protected":false},"excerpt":{"rendered":"<p>Dal 13 al 16 dicembre 2018, siamo stati 200 persone, provenienti da diverse regioni d&#8217;Europa, Africa, America Latina e Asia, ad incontrarsi durante la prima Agor\u00e0 degli Abitanti della Terra a Sezano, un paese italiano vicino a Verona. Convinti che nulla giustifichi la disuguaglianza nel diritto alla vita e che come esseri umani siamo collettivamente [&hellip;]<\/p>\n","protected":false},"author":1,"featured_media":0,"parent":0,"menu_order":0,"comment_status":"closed","ping_status":"closed","template":"","meta":{"footnotes":""},"class_list":["post-1743","page","type-page","status-publish","hentry"],"_links":{"self":[{"href":"https:\/\/agora-humanite.org\/it\/wp-json\/wp\/v2\/pages\/1743"}],"collection":[{"href":"https:\/\/agora-humanite.org\/it\/wp-json\/wp\/v2\/pages"}],"about":[{"href":"https:\/\/agora-humanite.org\/it\/wp-json\/wp\/v2\/types\/page"}],"author":[{"embeddable":true,"href":"https:\/\/agora-humanite.org\/it\/wp-json\/wp\/v2\/users\/1"}],"replies":[{"embeddable":true,"href":"https:\/\/agora-humanite.org\/it\/wp-json\/wp\/v2\/comments?post=1743"}],"version-history":[{"count":11,"href":"https:\/\/agora-humanite.org\/it\/wp-json\/wp\/v2\/pages\/1743\/revisions"}],"predecessor-version":[{"id":2465,"href":"https:\/\/agora-humanite.org\/it\/wp-json\/wp\/v2\/pages\/1743\/revisions\/2465"}],"wp:attachment":[{"href":"https:\/\/agora-humanite.org\/it\/wp-json\/wp\/v2\/media?parent=1743"}],"curies":[{"name":"wp","href":"https:\/\/api.w.org\/{rel}","templated":true}]}}