{"id":1755,"date":"2021-02-25T11:01:41","date_gmt":"2021-02-25T10:01:41","guid":{"rendered":"https:\/\/agora-humanite.org\/?page_id=1755"},"modified":"2021-04-10T14:20:11","modified_gmt":"2021-04-10T12:20:11","slug":"engagement","status":"publish","type":"page","link":"https:\/\/agora-humanite.org\/it\/engagement\/","title":{"rendered":"L&#8217;umanit\u00e0"},"content":{"rendered":"\t\t<div data-elementor-type=\"wp-page\" data-elementor-id=\"1755\" class=\"elementor elementor-1755\">\n\t\t\t\t\t\t<section class=\"elementor-section elementor-top-section elementor-element elementor-element-c18dcc4 elementor-section-boxed elementor-section-height-default elementor-section-height-default\" data-id=\"c18dcc4\" data-element_type=\"section\" data-e-type=\"section\" data-settings=\"{&quot;shape_divider_top&quot;:&quot;pyramids&quot;}\">\n\t\t\t\t\t<div class=\"elementor-shape elementor-shape-top\" aria-hidden=\"true\" data-negative=\"false\">\n\t\t\t<svg xmlns=\"http:\/\/www.w3.org\/2000\/svg\" viewBox=\"0 0 1000 100\" preserveAspectRatio=\"none\">\n\t<path class=\"elementor-shape-fill\" d=\"M761.9,44.1L643.1,27.2L333.8,98L0,3.8V0l1000,0v3.9\"\/>\n<\/svg>\t\t<\/div>\n\t\t\t\t\t<div class=\"elementor-container elementor-column-gap-default\">\n\t\t\t\t\t<div class=\"elementor-column elementor-col-100 elementor-top-column elementor-element elementor-element-87cecd1\" data-id=\"87cecd1\" data-element_type=\"column\" data-e-type=\"column\">\n\t\t\t<div class=\"elementor-widget-wrap elementor-element-populated\">\n\t\t\t\t\t\t<div class=\"elementor-element elementor-element-e16225d elementor-widget elementor-widget-text-editor\" data-id=\"e16225d\" data-element_type=\"widget\" data-e-type=\"widget\" data-widget_type=\"text-editor.default\">\n\t\t\t\t<div class=\"elementor-widget-container\">\n\t\t\t\t\t\t\t\t\t<p><b><\/b><\/p><p><em><b>&#8220;Habitant de la Terre, <\/b><b>je m\u2019engage \u00e0 contribuer\u00a0<\/b><b>\u00e0 la construction de l\u2019Humanit\u00e9,\u00a0<\/b><b>capable de sauvegarder\u00a0<\/b><b>la vie de la Terre\u00a0<\/b><b>pour tous ses habitants,\u00a0<\/b><b>au service des\u00a0<\/b><b>g\u00e9n\u00e9rations futures&#8221;.<\/b><\/em><\/p><p><\/p><p><\/p><p><\/p><p><\/p><p><\/p><p><\/p>\t\t\t\t\t\t\t\t<\/div>\n\t\t\t\t<\/div>\n\t\t\t\t\t<\/div>\n\t\t<\/div>\n\t\t\t\t\t<\/div>\n\t\t<\/section>\n\t\t\t\t<section class=\"elementor-section elementor-top-section elementor-element elementor-element-da51c10 elementor-section-boxed elementor-section-height-default elementor-section-height-default\" data-id=\"da51c10\" data-element_type=\"section\" data-e-type=\"section\">\n\t\t\t\t\t\t<div class=\"elementor-container elementor-column-gap-default\">\n\t\t\t\t\t<div class=\"elementor-column elementor-col-100 elementor-top-column elementor-element elementor-element-e955ce9\" data-id=\"e955ce9\" data-element_type=\"column\" data-e-type=\"column\">\n\t\t\t<div class=\"elementor-widget-wrap elementor-element-populated\">\n\t\t\t\t\t\t<div class=\"elementor-element elementor-element-9d12c63 elementor-widget elementor-widget-text-editor\" data-id=\"9d12c63\" data-element_type=\"widget\" data-e-type=\"widget\" data-widget_type=\"text-editor.default\">\n\t\t\t\t<div class=\"elementor-widget-container\">\n\t\t\t\t\t\t\t\t\t<p><b><\/b><strong>La Carte d\u2019Identit\u00e9 Mondiale \u00ab Habitant.e de la Terre \u00bb<\/strong> :\u00a0<b>Une reconnaissance symbolique <\/b><b>des principes fondamentaux du vivre ensemble.<br \/><\/b><\/p><p>Au cours des quarante derni\u00e8res ann\u00e9es, les \u00eatres humains ont \u00e9t\u00e9 doublement d\u00e9pouill\u00e9s de leur humanit\u00e9\u00a0:<\/p><ul><li aria-level=\"1\">Avant tout en tant que citoyens, par le fait que les \u00eatres humains sont devenus des sujets de <b>propri\u00e9t\u00e9 \u00ab patrimoniale<\/b> \u00bb exclusive des Etats \u00ab nationaux \u00bb. Ceux-ci ont \u00e9miett\u00e9 la citoyennet\u00e9 &#8211; et l\u2019humanit\u00e9 &#8211; en la restreignant \u00e0 l\u2019identit\u00e9 nationale et en la soumettant \u00e0 la discr\u00e9tion des pouvoirs des oligarchies nationales. Si un \u00eatre humain n\u2019a pas un adjectif \u00ab national \u00bb joint \u00e0 citoyen, il n\u2019existe pas comme tel, il est apatride, il n\u2019est pas \u00ab un des n\u00f4tres \u00bb.<\/li><li aria-level=\"1\">En second lieu, en tant que personnes, pour le fait que les \u00eatres humains ont \u00e9t\u00e9 r\u00e9duits au rang de <b>\u00ab ressources humaines \u00bb<\/b> au service des int\u00e9r\u00eats des propri\u00e9taires et des marchands du capital financier.<\/li><\/ul><p><b>En \u00e9mettant la CIM, l&#8217;Agora des\u00a0 Habitants de la Terre<\/b><b>\u00a0reconnait deux principes cl\u00e9s fondamentaux du \u00ab vivre ensemble \u00bb :\u00a0<\/b><\/p><ul><li aria-level=\"1\">nous tous, \u00eatres humains, <b>nous sommes des Habitants de la Terre,<\/b> <b>avant<\/b> d\u2019\u00eatre jaunes, blancs, noirs ou m\u00e9tis, Ethiopiens, Afghans, Colombiens, Chinois, Qu\u00e9b\u00e9cois, Indiens, Fran\u00e7ais ou Belges\u2026<\/li><li aria-level=\"1\">tous, nous habitons le m\u00eame lieu de vie\u00a0: <b>la Terre est notre \u00ab maison commune\u00a0\u00bb\u00a0 de laquelle personn<\/b><b>e ne <\/b><b>peut \u00eatre <\/b><b>l\u00e9gitimement exclu par personne<\/b>, m\u00eame par les plus hautes autorit\u00e9s politiques, \u00e9conomiques, sociales et morales du monde.<\/li><\/ul><p>A terme, <b>les communes \u2013 premi\u00e8res formes modernes organis\u00e9es de base des com<\/b><b>munaut\u00e9<\/b><b>s humaines \u2013<\/b> seront invit\u00e9es \u00e0 l&#8217;\u00e9mettre.<\/p><p><\/p><p><\/p><p><\/p><p><\/p><p><\/p><p><\/p>\t\t\t\t\t\t\t\t<\/div>\n\t\t\t\t<\/div>\n\t\t\t\t\t<\/div>\n\t\t<\/div>\n\t\t\t\t\t<\/div>\n\t\t<\/section>\n\t\t\t\t<section class=\"elementor-section elementor-top-section elementor-element elementor-element-fdb2e63 elementor-section-boxed elementor-section-height-default elementor-section-height-default\" data-id=\"fdb2e63\" data-element_type=\"section\" data-e-type=\"section\">\n\t\t\t\t\t\t<div class=\"elementor-container elementor-column-gap-default\">\n\t\t\t\t\t<div class=\"elementor-column elementor-col-50 elementor-top-column elementor-element elementor-element-3987b10\" data-id=\"3987b10\" data-element_type=\"column\" data-e-type=\"column\">\n\t\t\t<div class=\"elementor-widget-wrap elementor-element-populated\">\n\t\t\t\t\t\t<div class=\"elementor-element elementor-element-5ca89f2 elementor-widget elementor-widget-image\" data-id=\"5ca89f2\" data-element_type=\"widget\" data-e-type=\"widget\" data-widget_type=\"image.default\">\n\t\t\t\t<div class=\"elementor-widget-container\">\n\t\t\t\t\t\t\t\t\t\t\t\t\t\t\t<img fetchpriority=\"high\" decoding=\"async\" width=\"528\" height=\"357\" src=\"https:\/\/agora-humanite.org\/wp-content\/uploads\/2021\/03\/ahtcim002fcoupe.jpg\" class=\"attachment-large size-large wp-image-1883\" alt=\"\" srcset=\"https:\/\/agora-humanite.org\/wp-content\/uploads\/2021\/03\/ahtcim002fcoupe-rotated.jpg 528w, https:\/\/agora-humanite.org\/wp-content\/uploads\/2021\/03\/ahtcim002fcoupe-300x203.jpg 300w\" sizes=\"(max-width: 528px) 100vw, 528px\" \/>\t\t\t\t\t\t\t\t\t\t\t\t\t\t\t<\/div>\n\t\t\t\t<\/div>\n\t\t\t\t\t<\/div>\n\t\t<\/div>\n\t\t\t\t<div class=\"elementor-column elementor-col-50 elementor-top-column elementor-element elementor-element-1de7e01\" data-id=\"1de7e01\" data-element_type=\"column\" data-e-type=\"column\">\n\t\t\t<div class=\"elementor-widget-wrap elementor-element-populated\">\n\t\t\t\t\t\t<div class=\"elementor-element elementor-element-52d0202 elementor-widget elementor-widget-image\" data-id=\"52d0202\" data-element_type=\"widget\" data-e-type=\"widget\" data-widget_type=\"image.default\">\n\t\t\t\t<div class=\"elementor-widget-container\">\n\t\t\t\t\t\t\t\t\t\t\t\t\t\t\t<img decoding=\"async\" width=\"533\" height=\"353\" src=\"https:\/\/agora-humanite.org\/wp-content\/uploads\/2021\/03\/ahtcim002fcoupe2.jpg\" class=\"attachment-large size-large wp-image-1884\" alt=\"\" srcset=\"https:\/\/agora-humanite.org\/wp-content\/uploads\/2021\/03\/ahtcim002fcoupe2.jpg 533w, https:\/\/agora-humanite.org\/wp-content\/uploads\/2021\/03\/ahtcim002fcoupe2-300x199.jpg 300w\" sizes=\"(max-width: 533px) 100vw, 533px\" \/>\t\t\t\t\t\t\t\t\t\t\t\t\t\t\t<\/div>\n\t\t\t\t<\/div>\n\t\t\t\t\t<\/div>\n\t\t<\/div>\n\t\t\t\t\t<\/div>\n\t\t<\/section>\n\t\t\t\t<section class=\"elementor-section elementor-top-section elementor-element elementor-element-781049d elementor-section-boxed elementor-section-height-default elementor-section-height-default\" data-id=\"781049d\" data-element_type=\"section\" data-e-type=\"section\">\n\t\t\t\t\t\t<div class=\"elementor-container elementor-column-gap-default\">\n\t\t\t\t\t<div class=\"elementor-column elementor-col-100 elementor-top-column elementor-element elementor-element-ee83164\" data-id=\"ee83164\" data-element_type=\"column\" data-e-type=\"column\">\n\t\t\t<div class=\"elementor-widget-wrap elementor-element-populated\">\n\t\t\t\t\t\t<div class=\"elementor-element elementor-element-6935a87 elementor-widget elementor-widget-text-editor\" data-id=\"6935a87\" data-element_type=\"widget\" data-e-type=\"widget\" data-widget_type=\"text-editor.default\">\n\t\t\t\t<div class=\"elementor-widget-container\">\n\t\t\t\t\t\t\t\t\t<h2><b>Une d\u00e9livrance \u00e0 la demande de citoyens conscients et engag\u00e9s<\/b><\/h2>\t\t\t\t\t\t\t\t<\/div>\n\t\t\t\t<\/div>\n\t\t\t\t\t<\/div>\n\t\t<\/div>\n\t\t\t\t\t<\/div>\n\t\t<\/section>\n\t\t\t\t<section class=\"elementor-section elementor-top-section elementor-element elementor-element-1132d548 elementor-section-boxed elementor-section-height-default elementor-section-height-default\" data-id=\"1132d548\" data-element_type=\"section\" data-e-type=\"section\">\n\t\t\t\t\t\t<div class=\"elementor-container elementor-column-gap-default\">\n\t\t\t\t\t<div class=\"elementor-column elementor-col-100 elementor-top-column elementor-element elementor-element-27389944\" data-id=\"27389944\" data-element_type=\"column\" data-e-type=\"column\">\n\t\t\t<div class=\"elementor-widget-wrap elementor-element-populated\">\n\t\t\t\t\t\t<div class=\"elementor-element elementor-element-524325bc elementor-widget elementor-widget-text-editor\" data-id=\"524325bc\" data-element_type=\"widget\" data-e-type=\"widget\" data-widget_type=\"text-editor.default\">\n\t\t\t\t<div class=\"elementor-widget-container\">\n\t\t\t\t\t\t\t\t\t<p><span style=\"font-weight: 400;\">Aujourd\u2019hui, plus de 60 millions d\u2019\u00eatres humains erre<\/span><span style=\"font-weight: 400;\">nt de par le monde \u00e0 la recherche d\u2019un lieu o\u00f9 habiter, et des milliards de personnes sont rel\u00e9gu\u00e9es dans des lieux d\u2019exclusion et d\u2019appauvrissement.<\/span><b>\u00a0<\/b><\/p><p><span style=\"font-weight: 400;\">Plus que jamais, le parcours \u00e0 construire est de \u00ab\u00a0passer du \u2018je\u2019 r\u00e9duit au \u2018nous\u2019 \u00e9largi\u00a0\u00bb <\/span><i><span style=\"font-weight: 400;\">(*)<\/span><\/i><span style=\"font-weight: 400;\"> dans la direction d\u2019une <\/span><b>Humanit\u00e9 consciente<\/b><span style=\"font-weight: 400;\"> de devoir agir en tant que communaut\u00e9 et d\u2019assumer la <\/span><b>responsabilit\u00e9 de l\u2019int\u00e9grit\u00e9 et de la r\u00e9g\u00e9n\u00e9ration permanente de la vie de la Terre<\/b><span style=\"font-weight: 400;\">. <\/span><i><span style=\"font-weight: 400;\">(*) Alessandro Andreatta, Maire de Trente (I)<\/span><\/i><\/p><p><span style=\"font-weight: 400;\">En d\u00e9livrant la Carte \u201cHabitant de la Terre\u201d aux personnes qui r\u00e9sident sur leur territoire et qui la leur demandent, les communes expriment une <\/span><b>vision qui va au <\/b><b>&#8211; del\u00e0 de la conscience individualiste<\/b><span style=\"font-weight: 400;\"> de la vie, des droits, du futur et, en m\u00eame temps, renforcent <\/span><b>l\u2019importance de la prise de responsabilit\u00e9 collective<\/b><span style=\"font-weight: 400;\"> par rapport \u00e0 la sauvegarde et au soin de la vie globale de la Terre et de tous les habitants, y compris les autres esp\u00e8ces vivantes.<\/span><\/p><p><span style=\"font-weight: 400;\">Le fait de demander sa Carte \u201cHabitant de la Terre\u201d est un acte de conscience, d\u2019esp\u00e9rance, d\u2019engagement personnel\u00a0: par principe, <\/span><b>la Carte sera<\/b> <b>d\u00e9livr\u00e9e uniquement sur demande expresse<\/b><span style=\"font-weight: 400;\">.<\/span><\/p>\t\t\t\t\t\t\t\t<\/div>\n\t\t\t\t<\/div>\n\t\t\t\t\t<\/div>\n\t\t<\/div>\n\t\t\t\t\t<\/div>\n\t\t<\/section>\n\t\t\t\t<section class=\"elementor-section elementor-top-section elementor-element elementor-element-f2dba9f elementor-section-boxed elementor-section-height-default elementor-section-height-default\" data-id=\"f2dba9f\" data-element_type=\"section\" data-e-type=\"section\">\n\t\t\t\t\t\t<div class=\"elementor-container elementor-column-gap-default\">\n\t\t\t\t\t<div class=\"elementor-column elementor-col-100 elementor-top-column elementor-element elementor-element-567f07f\" data-id=\"567f07f\" data-element_type=\"column\" data-e-type=\"column\">\n\t\t\t<div class=\"elementor-widget-wrap elementor-element-populated\">\n\t\t\t\t\t\t<div class=\"elementor-element elementor-element-a3e661c elementor-align-center elementor-widget elementor-widget-button\" data-id=\"a3e661c\" data-element_type=\"widget\" data-e-type=\"widget\" data-widget_type=\"button.default\">\n\t\t\t\t<div class=\"elementor-widget-container\">\n\t\t\t\t\t\t\t\t\t<div class=\"elementor-button-wrapper\">\n\t\t\t\t\t<a class=\"elementor-button elementor-button-link elementor-size-md elementor-animation-grow\" href=\"https:\/\/agora-humanite.org\/NEW\/votre-carte\/\">\n\t\t\t\t\t\t<span class=\"elementor-button-content-wrapper\">\n\t\t\t\t\t\t\t\t\t<span class=\"elementor-button-text\">Votre carte<\/span>\n\t\t\t\t\t<\/span>\n\t\t\t\t\t<\/a>\n\t\t\t\t<\/div>\n\t\t\t\t\t\t\t\t<\/div>\n\t\t\t\t<\/div>\n\t\t\t\t<div class=\"elementor-element elementor-element-3797dc2 elementor-align-center elementor-widget elementor-widget-button\" data-id=\"3797dc2\" data-element_type=\"widget\" data-e-type=\"widget\" data-widget_type=\"button.default\">\n\t\t\t\t<div class=\"elementor-widget-container\">\n\t\t\t\t\t\t\t\t\t<div class=\"elementor-button-wrapper\">\n\t\t\t\t\t<a class=\"elementor-button elementor-button-link elementor-size-md elementor-animation-grow\" href=\"http:\/\/www.pilmeyer.com\/cim\/cimfr3.pdf\">\n\t\t\t\t\t\t<span class=\"elementor-button-content-wrapper\">\n\t\t\t\t\t\t\t\t\t<span class=\"elementor-button-text\">Plus d'infos sur la CIM<\/span>\n\t\t\t\t\t<\/span>\n\t\t\t\t\t<\/a>\n\t\t\t\t<\/div>\n\t\t\t\t\t\t\t\t<\/div>\n\t\t\t\t<\/div>\n\t\t\t\t\t<\/div>\n\t\t<\/div>\n\t\t\t\t\t<\/div>\n\t\t<\/section>\n\t\t\t\t<\/div>\n\t\t","protected":false},"excerpt":{"rendered":"<p>&#8220;Abitante della Terra, mi impegno a contribuire alla costruzione dell&#8217;Umanit\u00e0, capace di salvaguardare la vita della Terra per tutti i suoi abitanti, al servizio delle generazioni future&#8221;. Carta d&#8217;identit\u00e0 mondiale \u201cAbitanti della Terra\u201d: un riconoscimento simbolico dei principi fondamentali della convivenza.\u00a0 Negli ultimi quarant&#8217;anni, gli esseri umani sono stati doppiamente privati della loro umanit\u00e0: \u2022 [&hellip;]<\/p>\n","protected":false},"author":1,"featured_media":0,"parent":0,"menu_order":0,"comment_status":"closed","ping_status":"closed","template":"","meta":{"footnotes":""},"class_list":["post-1755","page","type-page","status-publish","hentry"],"_links":{"self":[{"href":"https:\/\/agora-humanite.org\/it\/wp-json\/wp\/v2\/pages\/1755"}],"collection":[{"href":"https:\/\/agora-humanite.org\/it\/wp-json\/wp\/v2\/pages"}],"about":[{"href":"https:\/\/agora-humanite.org\/it\/wp-json\/wp\/v2\/types\/page"}],"author":[{"embeddable":true,"href":"https:\/\/agora-humanite.org\/it\/wp-json\/wp\/v2\/users\/1"}],"replies":[{"embeddable":true,"href":"https:\/\/agora-humanite.org\/it\/wp-json\/wp\/v2\/comments?post=1755"}],"version-history":[{"count":103,"href":"https:\/\/agora-humanite.org\/it\/wp-json\/wp\/v2\/pages\/1755\/revisions"}],"predecessor-version":[{"id":2462,"href":"https:\/\/agora-humanite.org\/it\/wp-json\/wp\/v2\/pages\/1755\/revisions\/2462"}],"wp:attachment":[{"href":"https:\/\/agora-humanite.org\/it\/wp-json\/wp\/v2\/media?parent=1755"}],"curies":[{"name":"wp","href":"https:\/\/api.w.org\/{rel}","templated":true}]}}