{"id":2135,"date":"2021-03-11T08:45:53","date_gmt":"2021-03-11T07:45:53","guid":{"rendered":"https:\/\/agora-humanite.org\/?page_id=2135"},"modified":"2021-04-14T18:32:56","modified_gmt":"2021-04-14T16:32:56","slug":"adhesion","status":"publish","type":"page","link":"https:\/\/agora-humanite.org\/it\/adhesion\/","title":{"rendered":"Adesione"},"content":{"rendered":"\t\t<div data-elementor-type=\"wp-page\" data-elementor-id=\"2135\" class=\"elementor elementor-2135\">\n\t\t\t\t\t\t<section class=\"elementor-section elementor-top-section elementor-element elementor-element-14a058b9 elementor-section-boxed elementor-section-height-default elementor-section-height-default\" data-id=\"14a058b9\" data-element_type=\"section\" data-e-type=\"section\">\n\t\t\t\t\t\t<div class=\"elementor-container elementor-column-gap-default\">\n\t\t\t\t\t<div class=\"elementor-column elementor-col-100 elementor-top-column elementor-element elementor-element-32708e8\" data-id=\"32708e8\" data-element_type=\"column\" data-e-type=\"column\">\n\t\t\t<div class=\"elementor-widget-wrap elementor-element-populated\">\n\t\t\t\t\t\t<div class=\"elementor-element elementor-element-7bb65a55 elementor-widget elementor-widget-text-editor\" data-id=\"7bb65a55\" data-element_type=\"widget\" data-e-type=\"widget\" data-widget_type=\"text-editor.default\">\n\t\t\t\t<div class=\"elementor-widget-container\">\n\t\t\t\t\t\t\t\t\t<p><\/p>\n<p><\/p>\n<p><\/p>\n<p><\/p>\n<p>La nostra associazione &#8220;Agor\u00e0 degli abitanti della Terra&#8221; lavora per la giustizia sociale, la difesa dei diritti umani, la democrazia partecipativa, un altro sviluppo sostenibile, la cittadinanza mondiale. Si \u00e8 posta l&#8217;obiettivo di contribuire alla creazione di un&#8217;Umanit\u00e0 capace di salvaguardare, curare e garantire il diritto alla vita di tutti gli abitanti della Terra, comprese tutte le specie viventi, e delle generazioni future.<\/p>\n<p>Per raggiungere tale scopo, lavoriamo per sensibilizzare e mobilitare i cittadini a favore del riconoscimento dell&#8217;Umanit\u00e0 come soggetto politico e giuridico chiave nella regolamentazione mondiale. In particolare, svolgiamo attivit\u00e0 di ricerca, educazione, informazione, cooperazione, divulgazione e creazione culturale, mobilitazione dei cittadini, in tutto il mondo.<\/p>\n<p>Ti invitiamo a farlo con noi.<\/p>\n<p>Se accetti di unirti a noi, ci sono due azioni che dovresti compiere:<\/p>\n<ol>\n<li>Completa il modulo di iscrizione online sul sito web , con la quale ti impegni a rispettare lo statuto dell&#8217;associazione Agor\u00e0 degli Abitanti della Terra, a realizzarne gli obiettivi e ad aderire allo Statuto dell&#8217;associazione ;<\/li>\n<\/ol>\n<ol start=\"2\">\n<li>Versa sul conto dell&#8217;Agor\u00e0 degli abitanti della Terra l&#8217;importo della tua quota associativa annuale, tramite bonifico bancario.<\/li>\n<\/ol>\n<p>Tale importo \u00e8 fissato a 10,00 euro (dieci euro) a titolo indicativo, a discrezione di ciascuno a seconda del proprio contesto regionale e del proprio reddito.<\/p>\n<p>Ecco i recapiti del conto bancario dell&#8217;associazione:<\/p>\n<p>Agora des Habitants de la Terre ASBL<\/p>\n<p>IBAN: BE29-1030-7266-2364<\/p>\n<p>BIC: NICABEBB<\/p>\n<p>Sede della banca: CRELAN &#8211; 251 bvd Sylvain Dupuis, 1070 Anderlecht &#8211; Belgio<\/p>\n<p>\u00c8 necessario indicare nella causale: COGNOME Nome Contributo 2021.<\/p>\n<p>Naturalmente l&#8217;associazione pu\u00f2 anche ricevere donazioni: ci\u00f2 non pregiudica n\u00e9 la sua indipendenza n\u00e9 la sua libert\u00e0 di determinare le proprie priorit\u00e0.<\/p>\n<p>Vi ringraziamo anticipatamente per la vostra fiducia e non vediamo l&#8217;ora di avervi tra noi per rendere, insieme, l&#8217;umanit\u00e0 un attore istituzionale chiave nel futuro della vita a nome di tutti gli Abitanti della Terra.<\/p>\n<p>\n<div class=\"wpcf7 no-js\" id=\"wpcf7-f2531-o1\" lang=\"en-US\" dir=\"ltr\" data-wpcf7-id=\"2531\">\n<div class=\"screen-reader-response\"><p role=\"status\" aria-live=\"polite\" aria-atomic=\"true\"><\/p> <ul><\/ul><\/div>\n<form action=\"\/it\/wp-json\/wp\/v2\/pages\/2135#wpcf7-f2531-o1\" method=\"post\" class=\"wpcf7-form init\" aria-label=\"Contact form\" novalidate=\"novalidate\" data-status=\"init\">\n<div style=\"display: none;\">\n<input type=\"hidden\" name=\"_wpcf7\" value=\"2531\" \/>\n<input type=\"hidden\" name=\"_wpcf7_version\" value=\"6.0.6\" \/>\n<input type=\"hidden\" name=\"_wpcf7_locale\" value=\"en_US\" \/>\n<input type=\"hidden\" name=\"_wpcf7_unit_tag\" value=\"wpcf7-f2531-o1\" \/>\n<input type=\"hidden\" name=\"_wpcf7_container_post\" value=\"0\" \/>\n<input type=\"hidden\" name=\"_wpcf7_posted_data_hash\" value=\"\" \/>\n<\/div>\n<p><label>Name*<br \/>\n<span class=\"wpcf7-form-control-wrap\" data-name=\"your-name\"><input size=\"40\" maxlength=\"400\" class=\"wpcf7-form-control wpcf7-text wpcf7-validates-as-required\" aria-required=\"true\" aria-invalid=\"false\" value=\"\" type=\"text\" name=\"your-name\" \/><\/span> <\/label>\n<\/p>\n<p><label>Pr\u00e9nom*<br \/>\n<span class=\"wpcf7-form-control-wrap\" data-name=\"your-prenom\"><input size=\"40\" maxlength=\"400\" class=\"wpcf7-form-control wpcf7-text wpcf7-validates-as-required\" aria-required=\"true\" aria-invalid=\"false\" value=\"\" type=\"text\" name=\"your-prenom\" \/><\/span> <\/label>\n<\/p>\n<p><label>Date de naissance*<br \/>\n<span class=\"wpcf7-form-control-wrap\" data-name=\"datenaissance\"><input class=\"wpcf7-form-control wpcf7-date wpcf7-validates-as-required wpcf7-validates-as-date\" aria-required=\"true\" aria-invalid=\"false\" value=\"\" type=\"date\" name=\"datenaissance\" \/><\/span> <\/label>\n<\/p>\n<p><label>Adresse postale<br \/>\n<span class=\"wpcf7-form-control-wrap\" data-name=\"adresse\"><input size=\"40\" maxlength=\"400\" class=\"wpcf7-form-control wpcf7-text\" aria-invalid=\"false\" value=\"\" type=\"text\" name=\"adresse\" \/><\/span> <\/label>\n<\/p>\n<p><label>Localit\u00e9 de r\u00e9sidence*<br \/>\n<span class=\"wpcf7-form-control-wrap\" data-name=\"residence\"><input size=\"40\" maxlength=\"400\" class=\"wpcf7-form-control wpcf7-text wpcf7-validates-as-required\" aria-required=\"true\" aria-invalid=\"false\" value=\"\" type=\"text\" name=\"residence\" \/><\/span> <\/label>\n<\/p>\n<p><label>Adresse \u00e9lectronique*<br \/>\n<span class=\"wpcf7-form-control-wrap\" data-name=\"your-email\"><input size=\"40\" maxlength=\"400\" class=\"wpcf7-form-control wpcf7-email wpcf7-validates-as-required wpcf7-text wpcf7-validates-as-email\" aria-required=\"true\" aria-invalid=\"false\" value=\"\" type=\"email\" name=\"your-email\" \/><\/span> <\/label>\n<\/p>\n<p><label>Num\u00e9ro de t\u00e9l\u00e9phone<br \/>\n<span class=\"wpcf7-form-control-wrap\" data-name=\"tel\"><input size=\"40\" maxlength=\"400\" class=\"wpcf7-form-control wpcf7-tel wpcf7-text wpcf7-validates-as-tel\" aria-invalid=\"false\" value=\"\" type=\"tel\" name=\"tel\" \/><\/span><br \/>\n<\/label><br \/>\nGenre<br \/>\n<span class=\"wpcf7-form-control-wrap\" data-name=\"genre\"><span class=\"wpcf7-form-control wpcf7-checkbox\"><span class=\"wpcf7-list-item first\"><label><input type=\"checkbox\" name=\"genre[]\" value=\"Femme\" \/><span class=\"wpcf7-list-item-label\">Femme<\/span><\/label><\/span><span class=\"wpcf7-list-item\"><label><input type=\"checkbox\" name=\"genre[]\" value=\"Homme\" \/><span class=\"wpcf7-list-item-label\">Homme<\/span><\/label><\/span><span class=\"wpcf7-list-item last\"><label><input type=\"checkbox\" name=\"genre[]\" value=\"Autre\" \/><span class=\"wpcf7-list-item-label\">Autre<\/span><\/label><\/span><\/span><\/span>\n<\/p>\n<p><label>Statut (professionnel ou autre)<br \/>\n<span class=\"wpcf7-form-control-wrap\" data-name=\"profession\"><input size=\"40\" maxlength=\"400\" class=\"wpcf7-form-control wpcf7-text\" aria-invalid=\"false\" value=\"\" type=\"text\" name=\"profession\" \/><\/span> <\/label>\n<\/p>\n<p><label>Remarque \u00e9ventuelles<br \/>\n<span class=\"wpcf7-form-control-wrap\" data-name=\"your-message\"><textarea cols=\"40\" rows=\"10\" maxlength=\"2000\" class=\"wpcf7-form-control wpcf7-textarea\" aria-invalid=\"false\" name=\"your-message\"><\/textarea><\/span> <\/label>\n<\/p>\n<p><input class=\"wpcf7-form-control wpcf7-submit has-spinner\" type=\"submit\" value=\"Submit\" \/>\n<\/p><div class=\"wpcf7-response-output\" aria-hidden=\"true\"><\/div>\n<\/form>\n<\/div>\n<\/p>\n<p><\/p>\n<p><\/p>\n<p><\/p>\t\t\t\t\t\t\t\t<\/div>\n\t\t\t\t<\/div>\n\t\t\t\t\t<\/div>\n\t\t<\/div>\n\t\t\t\t\t<\/div>\n\t\t<\/section>\n\t\t\t\t<\/div>\n\t\t","protected":false},"excerpt":{"rendered":"<p>La nostra associazione &#8220;Agor\u00e0 degli abitanti della Terra&#8221; lavora per la giustizia sociale, la difesa dei diritti umani, la democrazia partecipativa, un altro sviluppo sostenibile, la cittadinanza mondiale. Si \u00e8 posta l&#8217;obiettivo di contribuire alla creazione di un&#8217;Umanit\u00e0 capace di salvaguardare, curare e garantire il diritto alla vita di tutti gli abitanti della Terra, comprese [&hellip;]<\/p>\n","protected":false},"author":1,"featured_media":0,"parent":0,"menu_order":0,"comment_status":"closed","ping_status":"closed","template":"","meta":{"footnotes":""},"class_list":["post-2135","page","type-page","status-publish","hentry"],"_links":{"self":[{"href":"https:\/\/agora-humanite.org\/it\/wp-json\/wp\/v2\/pages\/2135"}],"collection":[{"href":"https:\/\/agora-humanite.org\/it\/wp-json\/wp\/v2\/pages"}],"about":[{"href":"https:\/\/agora-humanite.org\/it\/wp-json\/wp\/v2\/types\/page"}],"author":[{"embeddable":true,"href":"https:\/\/agora-humanite.org\/it\/wp-json\/wp\/v2\/users\/1"}],"replies":[{"embeddable":true,"href":"https:\/\/agora-humanite.org\/it\/wp-json\/wp\/v2\/comments?post=2135"}],"version-history":[{"count":42,"href":"https:\/\/agora-humanite.org\/it\/wp-json\/wp\/v2\/pages\/2135\/revisions"}],"predecessor-version":[{"id":2540,"href":"https:\/\/agora-humanite.org\/it\/wp-json\/wp\/v2\/pages\/2135\/revisions\/2540"}],"wp:attachment":[{"href":"https:\/\/agora-humanite.org\/it\/wp-json\/wp\/v2\/media?parent=2135"}],"curies":[{"name":"wp","href":"https:\/\/api.w.org\/{rel}","templated":true}]}}