{"id":1743,"date":"2021-02-25T10:59:53","date_gmt":"2021-02-25T09:59:53","guid":{"rendered":"https:\/\/agora-humanite.org\/?page_id=1743"},"modified":"2021-04-10T14:54:29","modified_gmt":"2021-04-10T12:54:29","slug":"gestion","status":"publish","type":"page","link":"https:\/\/agora-humanite.org\/pt\/gestion\/","title":{"rendered":"Organisation"},"content":{"rendered":"<p><\/p>\n<p><\/p>\n<p><\/p>\n<p><\/p>\n<p><\/p>\n<p><\/p>\n<p>De 13 a 16 de dezembro de 2018, fomos 200 pessoas, vindas de diferentes regi\u00f5es da Europa, \u00c1frica, Am\u00e9rica Latina e \u00c1sia, para nos encontrarmos durante a primeira \u00c1gora dos Habitantes da Terra em Sezano, uma aldeia italiana, perto de Verona.<\/p>\n<p>Convencidos de que nada justifica a desigualdade no direito \u00e0 vida e que, como seres humanos, somos coletivamente respons\u00e1veis \u200b\u200bpor viver bem juntos na Terra, embarcamos assim no caminho da celebra\u00e7\u00e3o de um &#8220;pacto da humanidade&#8221; que tornar\u00e1 ilegal a produ\u00e7\u00e3o deliberada de pobreza e devasta\u00e7\u00e3o ecol\u00f3gica atrav\u00e9s da mercantiliza\u00e7\u00e3o dos bens comuns, finan\u00e7as desumanizadas e armas de guerra.Desde ent\u00e3o, nosso movimento tem realizado in\u00fameras a\u00e7\u00f5es: organiza\u00e7\u00e3o de campanhas globais, reda\u00e7\u00e3o e publica\u00e7\u00e3o de carta branca, cartas abertas e peti\u00e7\u00f5es, realiza\u00e7\u00e3o e divulga\u00e7\u00e3o de contribui\u00e7\u00f5es art\u00edsticas comprometidas, desenvolvimento de projetos de educa\u00e7\u00e3o permanente e encontros de mobiliza\u00e7\u00e3o, elabora\u00e7\u00e3o de um projeto de uma Carteira de Identidade Mundial &#8220;Habitante da Terra&#8221;, cria\u00e7\u00e3o de um site&#8230;<\/p>\n<p>Depois de dois anos de atividades e experi\u00eancias particularmente ricas e estimulantes, acreditamos que nossa associa\u00e7\u00e3o est\u00e1 alicer\u00e7ada em bases s\u00f3lidas e suficientes para institucionalizar formalmente nosso projeto. No dia 25 de janeiro de 2021, nosso movimento se deu um instrumento de gest\u00e3o: a associa\u00e7\u00e3o &#8220;Agora des Habitants de la Terre&#8221;, uma associa\u00e7\u00e3o sem fins lucrativos de direito belga sob a presid\u00eancia de Riccardo PETRELLA.<\/p>\n<p><\/p>","protected":false},"excerpt":{"rendered":"<p>De 13 a 16 de dezembro de 2018, fomos 200 pessoas, vindas de diferentes regi\u00f5es da Europa, \u00c1frica, Am\u00e9rica Latina e \u00c1sia, para nos encontrarmos durante a primeira \u00c1gora dos Habitantes da Terra em Sezano, uma aldeia italiana, perto de Verona. Convencidos de que nada justifica a desigualdade no direito \u00e0 vida e que, como [&hellip;]<\/p>\n","protected":false},"author":1,"featured_media":0,"parent":0,"menu_order":0,"comment_status":"closed","ping_status":"closed","template":"","meta":{"footnotes":""},"class_list":["post-1743","page","type-page","status-publish","hentry"],"_links":{"self":[{"href":"https:\/\/agora-humanite.org\/pt\/wp-json\/wp\/v2\/pages\/1743"}],"collection":[{"href":"https:\/\/agora-humanite.org\/pt\/wp-json\/wp\/v2\/pages"}],"about":[{"href":"https:\/\/agora-humanite.org\/pt\/wp-json\/wp\/v2\/types\/page"}],"author":[{"embeddable":true,"href":"https:\/\/agora-humanite.org\/pt\/wp-json\/wp\/v2\/users\/1"}],"replies":[{"embeddable":true,"href":"https:\/\/agora-humanite.org\/pt\/wp-json\/wp\/v2\/comments?post=1743"}],"version-history":[{"count":11,"href":"https:\/\/agora-humanite.org\/pt\/wp-json\/wp\/v2\/pages\/1743\/revisions"}],"predecessor-version":[{"id":2465,"href":"https:\/\/agora-humanite.org\/pt\/wp-json\/wp\/v2\/pages\/1743\/revisions\/2465"}],"wp:attachment":[{"href":"https:\/\/agora-humanite.org\/pt\/wp-json\/wp\/v2\/media?parent=1743"}],"curies":[{"name":"wp","href":"https:\/\/api.w.org\/{rel}","templated":true}]}}