{"id":2135,"date":"2021-03-11T08:45:53","date_gmt":"2021-03-11T07:45:53","guid":{"rendered":"https:\/\/agora-humanite.org\/?page_id=2135"},"modified":"2021-04-14T18:32:56","modified_gmt":"2021-04-14T16:32:56","slug":"adhesion","status":"publish","type":"page","link":"https:\/\/agora-humanite.org\/pt\/adhesion\/","title":{"rendered":"Filia\u00e7\u00e3o"},"content":{"rendered":"\t\t<div data-elementor-type=\"wp-page\" data-elementor-id=\"2135\" class=\"elementor elementor-2135\">\n\t\t\t\t\t\t<section class=\"elementor-section elementor-top-section elementor-element elementor-element-14a058b9 elementor-section-boxed elementor-section-height-default elementor-section-height-default\" data-id=\"14a058b9\" data-element_type=\"section\" data-e-type=\"section\">\n\t\t\t\t\t\t<div class=\"elementor-container elementor-column-gap-default\">\n\t\t\t\t\t<div class=\"elementor-column elementor-col-100 elementor-top-column elementor-element elementor-element-32708e8\" data-id=\"32708e8\" data-element_type=\"column\" data-e-type=\"column\">\n\t\t\t<div class=\"elementor-widget-wrap elementor-element-populated\">\n\t\t\t\t\t\t<div class=\"elementor-element elementor-element-7bb65a55 elementor-widget elementor-widget-text-editor\" data-id=\"7bb65a55\" data-element_type=\"widget\" data-e-type=\"widget\" data-widget_type=\"text-editor.default\">\n\t\t\t\t<div class=\"elementor-widget-container\">\n\t\t\t\t\t\t\t\t\t<p><\/p>\n<p><\/p>\n<p><\/p>\n<p><\/p>\n<p><\/p>\n<p>Nossa associa\u00e7\u00e3o &#8220;Agora dos Habitantes da Terra&#8221; trabalha pela justi\u00e7a social, a defesa dos direitos humanos, a democracia participativa, outro desenvolvimento sustent\u00e1vel, a cidadania mundial. Tem como objetivo contribuir para a constru\u00e7\u00e3o de uma Humanidade capaz de salvaguardar, cuidar e garantir o direito \u00e0 vida de todos os habitantes da Terra, incluindo todas as esp\u00e9cies vivas, e das gera\u00e7\u00f5es futuras.<\/p>\n<p>Para isso, trabalhamos para sensibilizar e mobilizar os cidad\u00e3os em prol do reconhecimento da Humanidade como sujeito pol\u00edtico e jur\u00eddico fundamental na regula\u00e7\u00e3o global. Em particular, realizamos atividades de pesquisa, educa\u00e7\u00e3o, informa\u00e7\u00e3o, coopera\u00e7\u00e3o, divulga\u00e7\u00e3o e cria\u00e7\u00e3o cultural, mobiliza\u00e7\u00e3o cidad\u00e3, em todo o mundo.<\/p>\n<p>N\u00f3s convidamos voc\u00ea a fazer isso conosco.<\/p>\n<p>Se voc\u00ea concordar em se juntar a n\u00f3s, pedimos que preencha o formul\u00e1rio abaixo, pelo qual voc\u00ea concorda em respeitar os estatutos da Agora Associa\u00e7\u00e3o dos Habitantes da Terra, implementar seus objetivos e aderir ao Estatuto da Associa\u00e7\u00e3o.<\/p>\n<p>Em seguida, voc\u00ea ser\u00e1 convidado a depositar o valor de sua taxa anual de membro na conta da \u00c1gora dos Habitantes da Terra.<\/p>\n<p>Queremos deixar este valor \u00e0 aprecia\u00e7\u00e3o de cada um de acordo com o seu contexto regional e com os seus rendimentos.<\/p>\n<p>Para os membros belgas, por exemplo, este montante \u00e9 fixado em 10,00 EUR (dez euros) a t\u00edtulo indicativo.<\/p>\n<p>Aqui est\u00e3o os detalhes de contato da conta banc\u00e1ria da associa\u00e7\u00e3o:<\/p>\n<p>\u00c1gora dos Habitantes da Terra ASBL<\/p>\n<p>C\u00f3digo IBAN: BE29-1030-7266-2364<\/p>\n<p>C\u00f3digo BIC: NICABEBB<\/p>\n<p>Sede do banco: CRELAN &#8211; 251 bvd Sylvain Dupuis, 1070 Anderlecht &#8211; B\u00e9lgica<\/p>\n<p>\u00c9 necess\u00e1rio indicar na comunica\u00e7\u00e3o: SOBRENOME Nome, Contribui\u00e7\u00e3o 2021.<\/p>\n<p>Claro, a associa\u00e7\u00e3o tamb\u00e9m pode receber doa\u00e7\u00f5es: isso n\u00e3o afetar\u00e1 sua independ\u00eancia nem sua liberdade de determinar suas prioridades.<\/p>\n<p>Desde j\u00e1 agradecemos a sua confian\u00e7a e esperamos t\u00ea-los entre n\u00f3s para, juntos, fazer da Humanidade um ator institucional chave no futuro da vida em nome de todos os Habitantes da Terra.<\/p>\n<p>\n<div class=\"wpcf7 no-js\" id=\"wpcf7-f2533-o1\" lang=\"en-US\" dir=\"ltr\" data-wpcf7-id=\"2533\">\n<div class=\"screen-reader-response\"><p role=\"status\" aria-live=\"polite\" aria-atomic=\"true\"><\/p> <ul><\/ul><\/div>\n<form action=\"\/pt\/wp-json\/wp\/v2\/pages\/2135#wpcf7-f2533-o1\" method=\"post\" class=\"wpcf7-form init\" aria-label=\"Contact form\" novalidate=\"novalidate\" data-status=\"init\">\n<div style=\"display: none;\">\n<input type=\"hidden\" name=\"_wpcf7\" value=\"2533\" \/>\n<input type=\"hidden\" name=\"_wpcf7_version\" value=\"6.0.6\" \/>\n<input type=\"hidden\" name=\"_wpcf7_locale\" value=\"en_US\" \/>\n<input type=\"hidden\" name=\"_wpcf7_unit_tag\" value=\"wpcf7-f2533-o1\" \/>\n<input type=\"hidden\" name=\"_wpcf7_container_post\" value=\"0\" \/>\n<input type=\"hidden\" name=\"_wpcf7_posted_data_hash\" value=\"\" \/>\n<\/div>\n<p><label>Name*<br \/>\n<span class=\"wpcf7-form-control-wrap\" data-name=\"your-name\"><input size=\"40\" maxlength=\"400\" class=\"wpcf7-form-control wpcf7-text wpcf7-validates-as-required\" aria-required=\"true\" aria-invalid=\"false\" value=\"\" type=\"text\" name=\"your-name\" \/><\/span> <\/label>\n<\/p>\n<p><label>Pr\u00e9nom*<br \/>\n<span class=\"wpcf7-form-control-wrap\" data-name=\"your-prenom\"><input size=\"40\" maxlength=\"400\" class=\"wpcf7-form-control wpcf7-text wpcf7-validates-as-required\" aria-required=\"true\" aria-invalid=\"false\" value=\"\" type=\"text\" name=\"your-prenom\" \/><\/span> <\/label>\n<\/p>\n<p><label>Date de naissance*<br \/>\n<span class=\"wpcf7-form-control-wrap\" data-name=\"datenaissance\"><input class=\"wpcf7-form-control wpcf7-date wpcf7-validates-as-required wpcf7-validates-as-date\" aria-required=\"true\" aria-invalid=\"false\" value=\"\" type=\"date\" name=\"datenaissance\" \/><\/span> <\/label>\n<\/p>\n<p><label>Adresse postale<br \/>\n<span class=\"wpcf7-form-control-wrap\" data-name=\"adresse\"><input size=\"40\" maxlength=\"400\" class=\"wpcf7-form-control wpcf7-text\" aria-invalid=\"false\" value=\"\" type=\"text\" name=\"adresse\" \/><\/span> <\/label>\n<\/p>\n<p><label>Localit\u00e9 de r\u00e9sidence*<br \/>\n<span class=\"wpcf7-form-control-wrap\" data-name=\"residence\"><input size=\"40\" maxlength=\"400\" class=\"wpcf7-form-control wpcf7-text wpcf7-validates-as-required\" aria-required=\"true\" aria-invalid=\"false\" value=\"\" type=\"text\" name=\"residence\" \/><\/span> <\/label>\n<\/p>\n<p><label>Adresse \u00e9lectronique*<br \/>\n<span class=\"wpcf7-form-control-wrap\" data-name=\"your-email\"><input size=\"40\" maxlength=\"400\" class=\"wpcf7-form-control wpcf7-email wpcf7-validates-as-required wpcf7-text wpcf7-validates-as-email\" aria-required=\"true\" aria-invalid=\"false\" value=\"\" type=\"email\" name=\"your-email\" \/><\/span> <\/label>\n<\/p>\n<p><label>Num\u00e9ro de t\u00e9l\u00e9phone<br \/>\n<span class=\"wpcf7-form-control-wrap\" data-name=\"tel\"><input size=\"40\" maxlength=\"400\" class=\"wpcf7-form-control wpcf7-tel wpcf7-text wpcf7-validates-as-tel\" aria-invalid=\"false\" value=\"\" type=\"tel\" name=\"tel\" \/><\/span><br \/>\n<\/label><br \/>\nGenre<br \/>\n<span class=\"wpcf7-form-control-wrap\" data-name=\"genre\"><span class=\"wpcf7-form-control wpcf7-checkbox\"><span class=\"wpcf7-list-item first\"><label><input type=\"checkbox\" name=\"genre[]\" value=\"Femme\" \/><span class=\"wpcf7-list-item-label\">Femme<\/span><\/label><\/span><span class=\"wpcf7-list-item\"><label><input type=\"checkbox\" name=\"genre[]\" value=\"Homme\" \/><span class=\"wpcf7-list-item-label\">Homme<\/span><\/label><\/span><span class=\"wpcf7-list-item last\"><label><input type=\"checkbox\" name=\"genre[]\" value=\"Autre\" \/><span class=\"wpcf7-list-item-label\">Autre<\/span><\/label><\/span><\/span><\/span>\n<\/p>\n<p><label>Statut (professionnel ou autre)<br \/>\n<span class=\"wpcf7-form-control-wrap\" data-name=\"profession\"><input size=\"40\" maxlength=\"400\" class=\"wpcf7-form-control wpcf7-text\" aria-invalid=\"false\" value=\"\" type=\"text\" name=\"profession\" \/><\/span> <\/label>\n<\/p>\n<p><label>Remarque \u00e9ventuelles<br \/>\n<span class=\"wpcf7-form-control-wrap\" data-name=\"your-message\"><textarea cols=\"40\" rows=\"10\" maxlength=\"2000\" class=\"wpcf7-form-control wpcf7-textarea\" aria-invalid=\"false\" name=\"your-message\"><\/textarea><\/span> <\/label>\n<\/p>\n<p><input class=\"wpcf7-form-control wpcf7-submit has-spinner\" type=\"submit\" value=\"Submit\" \/>\n<\/p><div class=\"wpcf7-response-output\" aria-hidden=\"true\"><\/div>\n<\/form>\n<\/div>\n<br><\/p>\n<p><\/p>\n<p><\/p>\t\t\t\t\t\t\t\t<\/div>\n\t\t\t\t<\/div>\n\t\t\t\t\t<\/div>\n\t\t<\/div>\n\t\t\t\t\t<\/div>\n\t\t<\/section>\n\t\t\t\t<\/div>\n\t\t","protected":false},"excerpt":{"rendered":"<p>Nossa associa\u00e7\u00e3o &#8220;Agora dos Habitantes da Terra&#8221; trabalha pela justi\u00e7a social, a defesa dos direitos humanos, a democracia participativa, outro desenvolvimento sustent\u00e1vel, a cidadania mundial. Tem como objetivo contribuir para a constru\u00e7\u00e3o de uma Humanidade capaz de salvaguardar, cuidar e garantir o direito \u00e0 vida de todos os habitantes da Terra, incluindo todas as esp\u00e9cies [&hellip;]<\/p>\n","protected":false},"author":1,"featured_media":0,"parent":0,"menu_order":0,"comment_status":"closed","ping_status":"closed","template":"","meta":{"footnotes":""},"class_list":["post-2135","page","type-page","status-publish","hentry"],"_links":{"self":[{"href":"https:\/\/agora-humanite.org\/pt\/wp-json\/wp\/v2\/pages\/2135"}],"collection":[{"href":"https:\/\/agora-humanite.org\/pt\/wp-json\/wp\/v2\/pages"}],"about":[{"href":"https:\/\/agora-humanite.org\/pt\/wp-json\/wp\/v2\/types\/page"}],"author":[{"embeddable":true,"href":"https:\/\/agora-humanite.org\/pt\/wp-json\/wp\/v2\/users\/1"}],"replies":[{"embeddable":true,"href":"https:\/\/agora-humanite.org\/pt\/wp-json\/wp\/v2\/comments?post=2135"}],"version-history":[{"count":42,"href":"https:\/\/agora-humanite.org\/pt\/wp-json\/wp\/v2\/pages\/2135\/revisions"}],"predecessor-version":[{"id":2540,"href":"https:\/\/agora-humanite.org\/pt\/wp-json\/wp\/v2\/pages\/2135\/revisions\/2540"}],"wp:attachment":[{"href":"https:\/\/agora-humanite.org\/pt\/wp-json\/wp\/v2\/media?parent=2135"}],"curies":[{"name":"wp","href":"https:\/\/api.w.org\/{rel}","templated":true}]}}